{"id":2793,"date":"2024-05-04T10:27:33","date_gmt":"2024-05-04T07:27:33","guid":{"rendered":"https:\/\/askerogluhealthgroup.com\/our-contracted-doctors\/"},"modified":"2024-08-01T11:29:22","modified_gmt":"2024-08-01T08:29:22","slug":"unsere-vertragsaerzte","status":"publish","type":"page","link":"https:\/\/askerogluhealthgroup.com\/de\/unsere-vertragsaerzte\/","title":{"rendered":"Unsere Vertrags\u00e4rzte"},"content":{"rendered":"[vc_row type=&#8220;in_container&#8220; full_screen_row_position=&#8220;middle&#8220; column_margin=&#8220;90px&#8220; equal_height=&#8220;yes&#8220; content_placement=&#8220;middle&#8220; column_direction=&#8220;default&#8220; column_direction_tablet=&#8220;default&#8220; column_direction_phone=&#8220;default&#8220; scene_position=&#8220;center&#8220; top_padding=&#8220;3%&#8220; bottom_padding=&#8220;9%&#8220; text_color=&#8220;dark&#8220; text_align=&#8220;left&#8220; row_border_radius=&#8220;none&#8220; row_border_radius_applies=&#8220;bg&#8220; overflow=&#8220;visible&#8220; id=&#8220;about&#8220; overlay_strength=&#8220;0.3&#8243; gradient_direction=&#8220;left_to_right&#8220; shape_divider_position=&#8220;bottom&#8220; bg_image_animation=&#8220;none&#8220; shape_type=&#8220;&#8220; gradient_type=&#8220;default&#8220;][vc_column column_padding=&#8220;padding-5-percent&#8220; column_padding_tablet=&#8220;inherit&#8220; column_padding_phone=&#8220;inherit&#8220; column_padding_position=&#8220;all&#8220; column_element_direction_desktop=&#8220;default&#8220; column_element_spacing=&#8220;default&#8220; desktop_text_alignment=&#8220;default&#8220; tablet_text_alignment=&#8220;default&#8220; phone_text_alignment=&#8220;default&#8220; background_color_opacity=&#8220;1&#8243; background_hover_color_opacity=&#8220;1&#8243; background_image=&#8220;110&#8243; background_image_position=&#8220;center top&#8220; background_image_stacking=&#8220;default&#8220; enable_bg_scale=&#8220;true&#8220; background_image_loading=&#8220;default&#8220; column_backdrop_filter=&#8220;none&#8220; column_shadow=&#8220;none&#8220; column_border_radius=&#8220;none&#8220; column_link_target=&#8220;_self&#8220; column_position=&#8220;default&#8220; gradient_direction=&#8220;left_to_right&#8220; overlay_strength=&#8220;0.3&#8243; width=&#8220;1\/2&#8243; tablet_width_inherit=&#8220;default&#8220; animation_type=&#8220;default&#8220; bg_image_animation=&#8220;zoom-out-reveal&#8220; border_type=&#8220;simple&#8220; column_border_width=&#8220;none&#8220; column_border_style=&#8220;solid&#8220; column_padding_type=&#8220;default&#8220; gradient_type=&#8220;default&#8220;][divider line_type=&#8220;No Line&#8220; custom_height=&#8220;300&#8243;][\/vc_column][vc_column column_padding=&#8220;padding-2-percent&#8220; column_padding_tablet=&#8220;inherit&#8220; column_padding_phone=&#8220;inherit&#8220; column_padding_position=&#8220;top-bottom&#8220; column_element_direction_desktop=&#8220;default&#8220; column_element_spacing=&#8220;default&#8220; desktop_text_alignment=&#8220;default&#8220; tablet_text_alignment=&#8220;default&#8220; phone_text_alignment=&#8220;default&#8220; background_color_opacity=&#8220;1&#8243; background_hover_color_opacity=&#8220;1&#8243; column_backdrop_filter=&#8220;none&#8220; column_shadow=&#8220;none&#8220; column_border_radius=&#8220;none&#8220; column_link_target=&#8220;_self&#8220; column_position=&#8220;default&#8220; gradient_direction=&#8220;left_to_right&#8220; overlay_strength=&#8220;0.3&#8243; width=&#8220;1\/2&#8243; tablet_width_inherit=&#8220;default&#8220; animation_type=&#8220;default&#8220; bg_image_animation=&#8220;none&#8220; border_type=&#8220;simple&#8220; column_border_width=&#8220;none&#8220; column_border_style=&#8220;solid&#8220;][vc_column_text css=&#8220;&#8220; text_direction=&#8220;default&#8220;]\n<div class=\"ld-fancy-heading ld_fancy_heading_6635e2a4c018e\">\n<p>Op. Dok.<br \/>\nUfuk Askero\u011flu<\/p>\n<p>Unsere Vertrags\u00e4rzte \u2013 Nach Abschluss seines Medizinstudiums an der G\u00fclhane Military Medical Academy und der Ufuk Askero\u011flu Kuleli Military High School absolvierte er seine Facharztausbildung an der SB Okmeydan\u0131 Training and Research Hospital Clinic f\u00fcr plastische, rekonstruktive und \u00e4sthetische Chirurgie. Mittlerweile nahm er an zahlreichen Kongressen, Konferenzen und Vortr\u00e4gen zum Thema Plastische Chirurgie teil. Er hat Artikel in nationalen und internationalen Fachzeitschriften geschrieben.<\/p>\n<p>Im Jahr 2011 schloss er sein Assistenzprogramm an den Cleveland University Hospitals in den USA ab und unterzog sich insbesondere zahlreichen Operationen in der endoskopischen Chirurgie. Jetzt besitzt er die Betriebe Bella Eyes, Trinity Lift und Hollywood Face Aesthetic sowie Markennamen, die in der ISAPS- und PubMed-Datenbank ver\u00f6ffentlicht sind. Er besitzt eine eigene Klinik und empf\u00e4ngt Patienten auf der ganzen Welt.<\/p>\n<\/div>\n[\/vc_column_text][\/vc_column][\/vc_row][vc_row type=&#8220;in_container&#8220; full_screen_row_position=&#8220;middle&#8220; column_margin=&#8220;90px&#8220; equal_height=&#8220;yes&#8220; content_placement=&#8220;middle&#8220; column_direction=&#8220;default&#8220; column_direction_tablet=&#8220;default&#8220; column_direction_phone=&#8220;default&#8220; scene_position=&#8220;center&#8220; top_padding=&#8220;3%&#8220; bottom_padding=&#8220;9%&#8220; text_color=&#8220;dark&#8220; text_align=&#8220;left&#8220; row_border_radius=&#8220;none&#8220; row_border_radius_applies=&#8220;bg&#8220; overflow=&#8220;visible&#8220; id=&#8220;about&#8220; overlay_strength=&#8220;0.3&#8243; gradient_direction=&#8220;left_to_right&#8220; shape_divider_position=&#8220;bottom&#8220; bg_image_animation=&#8220;none&#8220; shape_type=&#8220;&#8220; gradient_type=&#8220;default&#8220;][vc_column column_padding=&#8220;padding-5-percent&#8220; column_padding_tablet=&#8220;inherit&#8220; column_padding_phone=&#8220;inherit&#8220; column_padding_position=&#8220;all&#8220; column_element_direction_desktop=&#8220;default&#8220; column_element_spacing=&#8220;default&#8220; desktop_text_alignment=&#8220;default&#8220; tablet_text_alignment=&#8220;default&#8220; phone_text_alignment=&#8220;default&#8220; background_color_opacity=&#8220;1&#8243; background_hover_color_opacity=&#8220;1&#8243; background_image=&#8220;112&#8243; background_image_position=&#8220;center top&#8220; background_image_stacking=&#8220;default&#8220; enable_bg_scale=&#8220;true&#8220; background_image_loading=&#8220;default&#8220; column_backdrop_filter=&#8220;none&#8220; column_shadow=&#8220;none&#8220; column_border_radius=&#8220;none&#8220; column_link_target=&#8220;_self&#8220; column_position=&#8220;default&#8220; gradient_direction=&#8220;left_to_right&#8220; overlay_strength=&#8220;0.3&#8243; width=&#8220;1\/2&#8243; tablet_width_inherit=&#8220;default&#8220; animation_type=&#8220;default&#8220; bg_image_animation=&#8220;zoom-out-reveal&#8220; border_type=&#8220;simple&#8220; column_border_width=&#8220;none&#8220; column_border_style=&#8220;solid&#8220; column_padding_type=&#8220;default&#8220; gradient_type=&#8220;default&#8220;][divider line_type=&#8220;No Line&#8220; custom_height=&#8220;300&#8243;][\/vc_column][vc_column column_padding=&#8220;padding-2-percent&#8220; column_padding_tablet=&#8220;inherit&#8220; column_padding_phone=&#8220;inherit&#8220; column_padding_position=&#8220;top-bottom&#8220; column_element_direction_desktop=&#8220;default&#8220; column_element_spacing=&#8220;default&#8220; desktop_text_alignment=&#8220;default&#8220; tablet_text_alignment=&#8220;default&#8220; phone_text_alignment=&#8220;default&#8220; background_color_opacity=&#8220;1&#8243; background_hover_color_opacity=&#8220;1&#8243; column_backdrop_filter=&#8220;none&#8220; column_shadow=&#8220;none&#8220; column_border_radius=&#8220;none&#8220; column_link_target=&#8220;_self&#8220; column_position=&#8220;default&#8220; gradient_direction=&#8220;left_to_right&#8220; overlay_strength=&#8220;0.3&#8243; width=&#8220;1\/2&#8243; tablet_width_inherit=&#8220;default&#8220; animation_type=&#8220;default&#8220; bg_image_animation=&#8220;none&#8220; border_type=&#8220;simple&#8220; column_border_width=&#8220;none&#8220; column_border_style=&#8220;solid&#8220;][vc_column_text css=&#8220;&#8220; text_direction=&#8220;default&#8220;]\n<div class=\"ld-fancy-heading ld_fancy_heading_6635e2a4c018e\">\n<div class=\"ld-fancy-heading ld_fancy_heading_6635e2a4c19a2\">\n<p>Op. Dok.<br \/>\nCahit Vural<\/p>\n<p>Unsere Vertrags\u00e4rzte \u2013 Geboren 1981 in Ankara, Op. Dr. Altu\u011fhan Cahit Vural stammt urspr\u00fcnglich aus Giresun, T\u00fcrkei. Er absolvierte seine Grundschule in Levent, Istanbul, und seine weiterf\u00fchrende Ausbildung in Ankara \u00c7ankaya. Zwischen 1999 und 2006 setzte er seine Ausbildung an der medizinischen Fakult\u00e4t der Universit\u00e4t Yeditepe fort und begann 2006 seine Ausbildung an der medizinischen Fakult\u00e4t der Universit\u00e4t K\u0131r\u0131kkale, Abteilung f\u00fcr Plastische Rekonstruktive und \u00c4sthetische Chirurgie.<\/p>\n<p>Nach seiner Arbeit an der Istanbuler Akademie f\u00fcr Plastische Chirurgie war er bei der Centenary Hospitals Group angestellt und arbeitete sp\u00e4ter als Klinikleiter f\u00fcr Plastische Chirurgie des Medicana \u00c7aml\u0131ca Krankenhauses. Anschlie\u00dfend begann er mit Murat T\u00fcreg\u00fcn zusammenzuarbeiten und gr\u00fcndete gleichzeitig seine Klinik in Ni\u015fanta\u015f\u0131, T\u00fcrkei.<\/p>\n<\/div>\n<\/div>\n[\/vc_column_text][\/vc_column][\/vc_row][vc_row type=&#8220;in_container&#8220; full_screen_row_position=&#8220;middle&#8220; column_margin=&#8220;90px&#8220; equal_height=&#8220;yes&#8220; content_placement=&#8220;middle&#8220; column_direction=&#8220;default&#8220; column_direction_tablet=&#8220;default&#8220; column_direction_phone=&#8220;default&#8220; scene_position=&#8220;center&#8220; top_padding=&#8220;3%&#8220; bottom_padding=&#8220;9%&#8220; text_color=&#8220;dark&#8220; text_align=&#8220;left&#8220; row_border_radius=&#8220;none&#8220; row_border_radius_applies=&#8220;bg&#8220; overflow=&#8220;visible&#8220; id=&#8220;about&#8220; overlay_strength=&#8220;0.3&#8243; gradient_direction=&#8220;left_to_right&#8220; shape_divider_position=&#8220;bottom&#8220; bg_image_animation=&#8220;none&#8220; shape_type=&#8220;&#8220; gradient_type=&#8220;default&#8220;][vc_column column_padding=&#8220;padding-5-percent&#8220; column_padding_tablet=&#8220;inherit&#8220; column_padding_phone=&#8220;inherit&#8220; column_padding_position=&#8220;all&#8220; column_element_direction_desktop=&#8220;default&#8220; column_element_spacing=&#8220;default&#8220; desktop_text_alignment=&#8220;default&#8220; tablet_text_alignment=&#8220;default&#8220; phone_text_alignment=&#8220;default&#8220; background_color_opacity=&#8220;1&#8243; background_hover_color_opacity=&#8220;1&#8243; background_image=&#8220;113&#8243; background_image_position=&#8220;center top&#8220; background_image_stacking=&#8220;default&#8220; enable_bg_scale=&#8220;true&#8220; background_image_loading=&#8220;default&#8220; column_backdrop_filter=&#8220;none&#8220; column_shadow=&#8220;none&#8220; column_border_radius=&#8220;none&#8220; column_link_target=&#8220;_self&#8220; column_position=&#8220;default&#8220; gradient_direction=&#8220;left_to_right&#8220; overlay_strength=&#8220;0.3&#8243; width=&#8220;1\/2&#8243; tablet_width_inherit=&#8220;default&#8220; animation_type=&#8220;default&#8220; bg_image_animation=&#8220;zoom-out-reveal&#8220; border_type=&#8220;simple&#8220; column_border_width=&#8220;none&#8220; column_border_style=&#8220;solid&#8220; column_padding_type=&#8220;default&#8220; gradient_type=&#8220;default&#8220;][divider line_type=&#8220;No Line&#8220; custom_height=&#8220;300&#8243;][\/vc_column][vc_column column_padding=&#8220;padding-2-percent&#8220; column_padding_tablet=&#8220;inherit&#8220; column_padding_phone=&#8220;inherit&#8220; column_padding_position=&#8220;top-bottom&#8220; column_element_direction_desktop=&#8220;default&#8220; column_element_spacing=&#8220;default&#8220; desktop_text_alignment=&#8220;default&#8220; tablet_text_alignment=&#8220;default&#8220; phone_text_alignment=&#8220;default&#8220; background_color_opacity=&#8220;1&#8243; background_hover_color_opacity=&#8220;1&#8243; column_backdrop_filter=&#8220;none&#8220; column_shadow=&#8220;none&#8220; column_border_radius=&#8220;none&#8220; column_link_target=&#8220;_self&#8220; column_position=&#8220;default&#8220; gradient_direction=&#8220;left_to_right&#8220; overlay_strength=&#8220;0.3&#8243; width=&#8220;1\/2&#8243; tablet_width_inherit=&#8220;default&#8220; animation_type=&#8220;default&#8220; bg_image_animation=&#8220;none&#8220; border_type=&#8220;simple&#8220; column_border_width=&#8220;none&#8220; column_border_style=&#8220;solid&#8220;][vc_column_text css=&#8220;&#8220; text_direction=&#8220;default&#8220;]\n<div class=\"ld-fancy-heading ld_fancy_heading_6635e2a4c018e\">\n<div class=\"ld-fancy-heading ld_fancy_heading_6635e2a4c23c9\">\n<p>Op. Dok.<br \/>\nTurgut Kayadibi<\/p>\n<p>Unsere Vertrags\u00e4rzte-Op. Dr. Turgut Kayadibi wurde 1986 in Denizli geboren. Nach Abschluss seiner Grund- und Sekundarschulausbildung in Denizli begann er 2004 seine medizinische Ausbildung an der Universit\u00e4t Istanbul, Cerrahpa\u015fa-Fakult\u00e4t f\u00fcr Medizin, Abteilung f\u00fcr Medizin. Nach dem erfolgreichen Abschluss seiner medizinischen Ausbildung im Jahr 2010 absolvierte er seinen Pflichtdienst im Rettungsdienst von Van Er arbeitete f\u00fcr kurze Zeit im Staatlichen Krankenhaus \u0130pekyolu und begann im selben Jahr seine Facharztausbildung in der Abteilung f\u00fcr Plastische, Rekonstruktive und \u00c4sthetische Chirurgie des Ankara D\u0131\u015fkap\u0131 Trainings- und Forschungskrankenhauses. Im Jahr 2012 setzte er seine Ausbildung zum Plastischen Chirurgen am Istanbul Okmeydan\u0131 Trainings- und Forschungskrankenhaus fort. Op. Dr. Turgut Kayadibi, die ihre Facharztausbildung im Jahr 2016 abschloss, diente den Menschen in der Region als klinisch verantwortliche \u00c4rztin f\u00fcr Plastische, Rekonstruktive und \u00c4sthetische Chirurgie am Van Regional Training and Research Hospital. Seit M\u00e4rz 2019 arbeitete er als freiberuflicher Arzt im Krankenhaus IAU Medical Park Florya. Im Februar 2020 begann er in seiner eigenen Privatklinik zu arbeiten.<\/p>\n<\/div>\n<\/div>\n[\/vc_column_text][\/vc_column][\/vc_row]\n","protected":false},"excerpt":{"rendered":"<p>[vc_row type=&#8220;in_container&#8220; full_screen_row_position=&#8220;middle&#8220; column_margin=&#8220;90px&#8220; equal_height=&#8220;yes&#8220; content_placement=&#8220;middle&#8220; column_direction=&#8220;default&#8220; column_direction_tablet=&#8220;default&#8220; column_direction_phone=&#8220;default&#8220; scene_position=&#8220;center&#8220; top_padding=&#8220;3%&#8220; bottom_padding=&#8220;9%&#8220; text_color=&#8220;dark&#8220; text_align=&#8220;left&#8220; row_border_radius=&#8220;none&#8220; row_border_radius_applies=&#8220;bg&#8220; overflow=&#8220;visible&#8220; id=&#8220;about&#8220; overlay_strength=&#8220;0.3&#8243; gradient_direction=&#8220;left_to_right&#8220; shape_divider_position=&#8220;bottom&#8220; bg_image_animation=&#8220;none&#8220; shape_type=&#8220;&#8220; gradient_type=&#8220;default&#8220;][vc_column column_padding=&#8220;padding-5-percent&#8220; column_padding_tablet=&#8220;inherit&#8220; column_padding_phone=&#8220;inherit&#8220; column_padding_position=&#8220;all&#8220; column_element_direction_desktop=&#8220;default&#8220; column_element_spacing=&#8220;default&#8220;&#8230;<\/p>\n","protected":false},"author":1,"featured_media":2778,"parent":0,"menu_order":0,"comment_status":"closed","ping_status":"closed","template":"","meta":{"_joinchat":[],"footnotes":""},"class_list":["post-2793","page","type-page","status-publish","has-post-thumbnail"],"yoast_head":"<!-- This site is optimized with the Yoast SEO plugin v27.4 - https:\/\/yoast.com\/product\/yoast-seo-wordpress\/ -->\n<title>Unsere Vertrags\u00e4rzte - Askeroglu Health Group<\/title>\n<meta name=\"description\" content=\"Over 8,000 Satisfied Patients. Bella Eyes, Trinity Lift, Deep Plane Face lift-Contact Us Now! Deep Plane Facelift-Unsere Vertrags\u00e4rzte\" \/>\n<meta name=\"robots\" content=\"index, follow, max-snippet:-1, max-image-preview:large, max-video-preview:-1\" \/>\n<link rel=\"canonical\" href=\"https:\/\/askerogluhealthgroup.com\/de\/unsere-vertragsaerzte\/\" \/>\n<meta property=\"og:locale\" content=\"de_DE\" \/>\n<meta property=\"og:type\" content=\"article\" \/>\n<meta property=\"og:title\" content=\"Unsere Vertrags\u00e4rzte - Askeroglu Health Group\" \/>\n<meta property=\"og:description\" content=\"Over 8,000 Satisfied Patients. Bella Eyes, Trinity Lift, Deep Plane Face lift-Contact Us Now! Deep Plane Facelift-Unsere Vertrags\u00e4rzte\" \/>\n<meta property=\"og:url\" content=\"https:\/\/askerogluhealthgroup.com\/de\/unsere-vertragsaerzte\/\" \/>\n<meta property=\"og:site_name\" content=\"Askeroglu Health Group\" \/>\n<meta property=\"article:modified_time\" content=\"2024-08-01T08:29:22+00:00\" \/>\n<meta property=\"og:image\" content=\"https:\/\/askerogluhealthgroup.com\/wp-content\/uploads\/2024\/07\/Snapinsta.app_329620027_1335795890605795_3733276613189998961_n_1080.jpg\" \/>\n\t<meta property=\"og:image:width\" content=\"1080\" \/>\n\t<meta property=\"og:image:height\" content=\"1080\" \/>\n\t<meta property=\"og:image:type\" content=\"image\/jpeg\" \/>\n<meta name=\"twitter:card\" content=\"summary_large_image\" \/>\n<meta name=\"twitter:label1\" content=\"Gesch\u00e4tzte Lesezeit\" \/>\n\t<meta name=\"twitter:data1\" content=\"4\u00a0Minuten\" \/>\n<script type=\"application\/ld+json\" class=\"yoast-schema-graph\">{\"@context\":\"https:\\\/\\\/schema.org\",\"@graph\":[{\"@type\":\"WebPage\",\"@id\":\"https:\\\/\\\/askerogluhealthgroup.com\\\/de\\\/unsere-vertragsaerzte\\\/\",\"url\":\"https:\\\/\\\/askerogluhealthgroup.com\\\/de\\\/unsere-vertragsaerzte\\\/\",\"name\":\"Unsere Vertrags\u00e4rzte - Askeroglu Health Group\",\"isPartOf\":{\"@id\":\"https:\\\/\\\/askerogluhealthgroup.com\\\/#website\"},\"primaryImageOfPage\":{\"@id\":\"https:\\\/\\\/askerogluhealthgroup.com\\\/de\\\/unsere-vertragsaerzte\\\/#primaryimage\"},\"image\":{\"@id\":\"https:\\\/\\\/askerogluhealthgroup.com\\\/de\\\/unsere-vertragsaerzte\\\/#primaryimage\"},\"thumbnailUrl\":\"https:\\\/\\\/askerogluhealthgroup.com\\\/wp-content\\\/uploads\\\/2024\\\/07\\\/Snapinsta.app_329620027_1335795890605795_3733276613189998961_n_1080.jpg\",\"datePublished\":\"2024-05-04T07:27:33+00:00\",\"dateModified\":\"2024-08-01T08:29:22+00:00\",\"description\":\"Over 8,000 Satisfied Patients. Bella Eyes, Trinity Lift, Deep Plane Face lift-Contact Us Now! Deep Plane Facelift-Unsere Vertrags\u00e4rzte\",\"breadcrumb\":{\"@id\":\"https:\\\/\\\/askerogluhealthgroup.com\\\/de\\\/unsere-vertragsaerzte\\\/#breadcrumb\"},\"inLanguage\":\"de\",\"potentialAction\":[{\"@type\":\"ReadAction\",\"target\":[\"https:\\\/\\\/askerogluhealthgroup.com\\\/de\\\/unsere-vertragsaerzte\\\/\"]}]},{\"@type\":\"ImageObject\",\"inLanguage\":\"de\",\"@id\":\"https:\\\/\\\/askerogluhealthgroup.com\\\/de\\\/unsere-vertragsaerzte\\\/#primaryimage\",\"url\":\"https:\\\/\\\/askerogluhealthgroup.com\\\/wp-content\\\/uploads\\\/2024\\\/07\\\/Snapinsta.app_329620027_1335795890605795_3733276613189998961_n_1080.jpg\",\"contentUrl\":\"https:\\\/\\\/askerogluhealthgroup.com\\\/wp-content\\\/uploads\\\/2024\\\/07\\\/Snapinsta.app_329620027_1335795890605795_3733276613189998961_n_1080.jpg\",\"width\":1080,\"height\":1080},{\"@type\":\"BreadcrumbList\",\"@id\":\"https:\\\/\\\/askerogluhealthgroup.com\\\/de\\\/unsere-vertragsaerzte\\\/#breadcrumb\",\"itemListElement\":[{\"@type\":\"ListItem\",\"position\":1,\"name\":\"Anasayfa\",\"item\":\"https:\\\/\\\/askerogluhealthgroup.com\\\/de\\\/\"},{\"@type\":\"ListItem\",\"position\":2,\"name\":\"Unsere Vertrags\u00e4rzte\"}]},{\"@type\":\"WebSite\",\"@id\":\"https:\\\/\\\/askerogluhealthgroup.com\\\/#website\",\"url\":\"https:\\\/\\\/askerogluhealthgroup.com\\\/\",\"name\":\"Askeroglu Health Group\",\"description\":\"\",\"publisher\":{\"@id\":\"https:\\\/\\\/askerogluhealthgroup.com\\\/#organization\"},\"potentialAction\":[{\"@type\":\"SearchAction\",\"target\":{\"@type\":\"EntryPoint\",\"urlTemplate\":\"https:\\\/\\\/askerogluhealthgroup.com\\\/?s={search_term_string}\"},\"query-input\":{\"@type\":\"PropertyValueSpecification\",\"valueRequired\":true,\"valueName\":\"search_term_string\"}}],\"inLanguage\":\"de\"},{\"@type\":\"Organization\",\"@id\":\"https:\\\/\\\/askerogluhealthgroup.com\\\/#organization\",\"name\":\"Askeroglu Health Group\",\"url\":\"https:\\\/\\\/askerogluhealthgroup.com\\\/\",\"logo\":{\"@type\":\"ImageObject\",\"inLanguage\":\"de\",\"@id\":\"https:\\\/\\\/askerogluhealthgroup.com\\\/#\\\/schema\\\/logo\\\/image\\\/\",\"url\":\"https:\\\/\\\/bsyazilimworks.top\\\/wp-content\\\/uploads\\\/2024\\\/05\\\/logo-son3.png\",\"contentUrl\":\"https:\\\/\\\/bsyazilimworks.top\\\/wp-content\\\/uploads\\\/2024\\\/05\\\/logo-son3.png\",\"width\":700,\"height\":153,\"caption\":\"Askeroglu Health Group\"},\"image\":{\"@id\":\"https:\\\/\\\/askerogluhealthgroup.com\\\/#\\\/schema\\\/logo\\\/image\\\/\"}}]}<\/script>\n<!-- \/ Yoast SEO plugin. -->","yoast_head_json":{"title":"Unsere Vertrags\u00e4rzte - Askeroglu Health Group","description":"Over 8,000 Satisfied Patients. Bella Eyes, Trinity Lift, Deep Plane Face lift-Contact Us Now! Deep Plane Facelift-Unsere Vertrags\u00e4rzte","robots":{"index":"index","follow":"follow","max-snippet":"max-snippet:-1","max-image-preview":"max-image-preview:large","max-video-preview":"max-video-preview:-1"},"canonical":"https:\/\/askerogluhealthgroup.com\/de\/unsere-vertragsaerzte\/","og_locale":"de_DE","og_type":"article","og_title":"Unsere Vertrags\u00e4rzte - Askeroglu Health Group","og_description":"Over 8,000 Satisfied Patients. Bella Eyes, Trinity Lift, Deep Plane Face lift-Contact Us Now! Deep Plane Facelift-Unsere Vertrags\u00e4rzte","og_url":"https:\/\/askerogluhealthgroup.com\/de\/unsere-vertragsaerzte\/","og_site_name":"Askeroglu Health Group","article_modified_time":"2024-08-01T08:29:22+00:00","og_image":[{"width":1080,"height":1080,"url":"https:\/\/askerogluhealthgroup.com\/wp-content\/uploads\/2024\/07\/Snapinsta.app_329620027_1335795890605795_3733276613189998961_n_1080.jpg","type":"image\/jpeg"}],"twitter_card":"summary_large_image","twitter_misc":{"Gesch\u00e4tzte Lesezeit":"4\u00a0Minuten"},"schema":{"@context":"https:\/\/schema.org","@graph":[{"@type":"WebPage","@id":"https:\/\/askerogluhealthgroup.com\/de\/unsere-vertragsaerzte\/","url":"https:\/\/askerogluhealthgroup.com\/de\/unsere-vertragsaerzte\/","name":"Unsere Vertrags\u00e4rzte - Askeroglu Health Group","isPartOf":{"@id":"https:\/\/askerogluhealthgroup.com\/#website"},"primaryImageOfPage":{"@id":"https:\/\/askerogluhealthgroup.com\/de\/unsere-vertragsaerzte\/#primaryimage"},"image":{"@id":"https:\/\/askerogluhealthgroup.com\/de\/unsere-vertragsaerzte\/#primaryimage"},"thumbnailUrl":"https:\/\/askerogluhealthgroup.com\/wp-content\/uploads\/2024\/07\/Snapinsta.app_329620027_1335795890605795_3733276613189998961_n_1080.jpg","datePublished":"2024-05-04T07:27:33+00:00","dateModified":"2024-08-01T08:29:22+00:00","description":"Over 8,000 Satisfied Patients. Bella Eyes, Trinity Lift, Deep Plane Face lift-Contact Us Now! Deep Plane Facelift-Unsere Vertrags\u00e4rzte","breadcrumb":{"@id":"https:\/\/askerogluhealthgroup.com\/de\/unsere-vertragsaerzte\/#breadcrumb"},"inLanguage":"de","potentialAction":[{"@type":"ReadAction","target":["https:\/\/askerogluhealthgroup.com\/de\/unsere-vertragsaerzte\/"]}]},{"@type":"ImageObject","inLanguage":"de","@id":"https:\/\/askerogluhealthgroup.com\/de\/unsere-vertragsaerzte\/#primaryimage","url":"https:\/\/askerogluhealthgroup.com\/wp-content\/uploads\/2024\/07\/Snapinsta.app_329620027_1335795890605795_3733276613189998961_n_1080.jpg","contentUrl":"https:\/\/askerogluhealthgroup.com\/wp-content\/uploads\/2024\/07\/Snapinsta.app_329620027_1335795890605795_3733276613189998961_n_1080.jpg","width":1080,"height":1080},{"@type":"BreadcrumbList","@id":"https:\/\/askerogluhealthgroup.com\/de\/unsere-vertragsaerzte\/#breadcrumb","itemListElement":[{"@type":"ListItem","position":1,"name":"Anasayfa","item":"https:\/\/askerogluhealthgroup.com\/de\/"},{"@type":"ListItem","position":2,"name":"Unsere Vertrags\u00e4rzte"}]},{"@type":"WebSite","@id":"https:\/\/askerogluhealthgroup.com\/#website","url":"https:\/\/askerogluhealthgroup.com\/","name":"Askeroglu Health Group","description":"","publisher":{"@id":"https:\/\/askerogluhealthgroup.com\/#organization"},"potentialAction":[{"@type":"SearchAction","target":{"@type":"EntryPoint","urlTemplate":"https:\/\/askerogluhealthgroup.com\/?s={search_term_string}"},"query-input":{"@type":"PropertyValueSpecification","valueRequired":true,"valueName":"search_term_string"}}],"inLanguage":"de"},{"@type":"Organization","@id":"https:\/\/askerogluhealthgroup.com\/#organization","name":"Askeroglu Health Group","url":"https:\/\/askerogluhealthgroup.com\/","logo":{"@type":"ImageObject","inLanguage":"de","@id":"https:\/\/askerogluhealthgroup.com\/#\/schema\/logo\/image\/","url":"https:\/\/bsyazilimworks.top\/wp-content\/uploads\/2024\/05\/logo-son3.png","contentUrl":"https:\/\/bsyazilimworks.top\/wp-content\/uploads\/2024\/05\/logo-son3.png","width":700,"height":153,"caption":"Askeroglu Health Group"},"image":{"@id":"https:\/\/askerogluhealthgroup.com\/#\/schema\/logo\/image\/"}}]}},"_links":{"self":[{"href":"https:\/\/askerogluhealthgroup.com\/de\/wp-json\/wp\/v2\/pages\/2793","targetHints":{"allow":["GET"]}}],"collection":[{"href":"https:\/\/askerogluhealthgroup.com\/de\/wp-json\/wp\/v2\/pages"}],"about":[{"href":"https:\/\/askerogluhealthgroup.com\/de\/wp-json\/wp\/v2\/types\/page"}],"author":[{"embeddable":true,"href":"https:\/\/askerogluhealthgroup.com\/de\/wp-json\/wp\/v2\/users\/1"}],"replies":[{"embeddable":true,"href":"https:\/\/askerogluhealthgroup.com\/de\/wp-json\/wp\/v2\/comments?post=2793"}],"version-history":[{"count":2,"href":"https:\/\/askerogluhealthgroup.com\/de\/wp-json\/wp\/v2\/pages\/2793\/revisions"}],"predecessor-version":[{"id":2795,"href":"https:\/\/askerogluhealthgroup.com\/de\/wp-json\/wp\/v2\/pages\/2793\/revisions\/2795"}],"wp:featuredmedia":[{"embeddable":true,"href":"https:\/\/askerogluhealthgroup.com\/de\/wp-json\/wp\/v2\/media\/2778"}],"wp:attachment":[{"href":"https:\/\/askerogluhealthgroup.com\/de\/wp-json\/wp\/v2\/media?parent=2793"}],"curies":[{"name":"wp","href":"https:\/\/api.w.org\/{rel}","templated":true}]}}