{"id":3756,"date":"2024-05-06T14:42:54","date_gmt":"2024-05-06T11:42:54","guid":{"rendered":"https:\/\/askerogluhealthgroup.com\/soprano-ice-laser\/"},"modified":"2024-08-10T17:43:26","modified_gmt":"2024-08-10T14:43:26","slug":"sopran-eislaser","status":"publish","type":"page","link":"https:\/\/askerogluhealthgroup.com\/de\/sopran-eislaser\/","title":{"rendered":"Sopran-Eislaser"},"content":{"rendered":"[vc_row type=&#8220;in_container&#8220; full_screen_row_position=&#8220;middle&#8220; column_margin=&#8220;default&#8220; column_direction=&#8220;default&#8220; column_direction_tablet=&#8220;default&#8220; column_direction_phone=&#8220;default&#8220; scene_position=&#8220;center&#8220; top_padding=&#8220;3%&#8220; text_color=&#8220;dark&#8220; text_align=&#8220;left&#8220; row_border_radius=&#8220;none&#8220; row_border_radius_applies=&#8220;bg&#8220; overflow=&#8220;visible&#8220; overlay_strength=&#8220;0.3&#8243; gradient_direction=&#8220;left_to_right&#8220; shape_divider_position=&#8220;bottom&#8220; bg_image_animation=&#8220;none&#8220; gradient_type=&#8220;default&#8220; shape_type=&#8220;&#8220;][vc_column column_padding=&#8220;no-extra-padding&#8220; column_padding_tablet=&#8220;inherit&#8220; column_padding_phone=&#8220;inherit&#8220; column_padding_position=&#8220;all&#8220; column_element_direction_desktop=&#8220;default&#8220; column_element_spacing=&#8220;default&#8220; desktop_text_alignment=&#8220;default&#8220; tablet_text_alignment=&#8220;default&#8220; phone_text_alignment=&#8220;default&#8220; background_color_opacity=&#8220;1&#8243; background_hover_color_opacity=&#8220;1&#8243; column_backdrop_filter=&#8220;none&#8220; column_shadow=&#8220;none&#8220; column_border_radius=&#8220;none&#8220; column_link_target=&#8220;_self&#8220; column_position=&#8220;default&#8220; gradient_direction=&#8220;left_to_right&#8220; overlay_strength=&#8220;0.3&#8243; width=&#8220;1\/2&#8243; tablet_width_inherit=&#8220;default&#8220; animation_type=&#8220;default&#8220; bg_image_animation=&#8220;none&#8220; border_type=&#8220;simple&#8220; column_border_width=&#8220;none&#8220; column_border_style=&#8220;solid&#8220;][image_with_animation image_url=&#8220;420&#8243; image_size=&#8220;full&#8220; animation_type=&#8220;entrance&#8220; animation=&#8220;None&#8220; animation_movement_type=&#8220;transform_y&#8220; hover_animation=&#8220;none&#8220; alignment=&#8220;&#8220; border_radius=&#8220;none&#8220; box_shadow=&#8220;none&#8220; image_loading=&#8220;default&#8220; max_width=&#8220;100%&#8220; max_width_mobile=&#8220;default&#8220;][\/vc_column][vc_column column_padding=&#8220;padding-3-percent&#8220; column_padding_tablet=&#8220;inherit&#8220; column_padding_phone=&#8220;inherit&#8220; column_padding_position=&#8220;top&#8220; column_element_direction_desktop=&#8220;default&#8220; column_element_spacing=&#8220;default&#8220; desktop_text_alignment=&#8220;default&#8220; tablet_text_alignment=&#8220;default&#8220; phone_text_alignment=&#8220;default&#8220; background_color_opacity=&#8220;1&#8243; background_hover_color_opacity=&#8220;1&#8243; column_backdrop_filter=&#8220;none&#8220; column_shadow=&#8220;none&#8220; column_border_radius=&#8220;none&#8220; column_link_target=&#8220;_self&#8220; column_position=&#8220;default&#8220; gradient_direction=&#8220;left_to_right&#8220; overlay_strength=&#8220;0.3&#8243; width=&#8220;1\/2&#8243; tablet_width_inherit=&#8220;default&#8220; animation_type=&#8220;default&#8220; bg_image_animation=&#8220;none&#8220; border_type=&#8220;simple&#8220; column_border_width=&#8220;none&#8220; column_border_style=&#8220;solid&#8220; column_padding_type=&#8220;default&#8220; gradient_type=&#8220;default&#8220;][vc_column_text css=&#8220;&#8220; text_direction=&#8220;default&#8220;]\n<h1>Sopran-Eislaser<\/h1>\n<p class=\"ld-fh-element lqd-highlight-underline lqd-highlight-grow-left text-decoration-default\">Soprano Ice Laser ist eine hochmoderne Technologie, die eine wirksame und schmerzfreie Haarentfernungsbehandlung erm\u00f6glicht. Bei dieser nicht-invasiven und innovativen Technologie wird ein Diodenlaser gezielt auf Haarfollikel angewendet und Haarwuchs verhindert, ohne die umliegende Haut zu sch\u00e4digen. Der Soprano Ice Laser ist sicher und f\u00fcr alle Hauttypen geeignet, auch f\u00fcr empfindliche Haut.<\/p>\n<h2>Wie funktioniert Soprano Ice Laser?<\/h2>\n<p>Der Soprano Ice Laser sendet einen sanften, aber starken Lichtstrahl aus, der auf die Haarfollikel unter der Hautoberfl\u00e4che zielt. Die Laserenergie erhitzt den Haarfollikel und beeintr\u00e4chtigt so seine F\u00e4higkeit, neues Haarwachstum zu erzeugen, ohne die umgebende Haut zu sch\u00e4digen. Die Behandlung wird mit einem Handger\u00e4t durchgef\u00fchrt, das \u00fcber die Haut gleitet und die Laserenergie an die Zielbereiche abgibt.<\/p>\n<p>Im Gegensatz zu herk\u00f6mmlichen Laser-Haarentfernungsbehandlungen verwendet der Soprano Ice Laser eine kontinuierliche Bewegungstechnologie, die ein schmerzfreies und komfortables Behandlungserlebnis erm\u00f6glicht. Die Behandlung ist praktisch schmerzlos und die meisten Patienten berichten, dass sie nur ein leichtes Hitze- oder W\u00e4rmegef\u00fchl versp\u00fcren.[\/vc_column_text][\/vc_column][\/vc_row][vc_row type=&#8220;in_container&#8220; full_screen_row_position=&#8220;middle&#8220; column_margin=&#8220;default&#8220; column_direction=&#8220;default&#8220; column_direction_tablet=&#8220;default&#8220; column_direction_phone=&#8220;default&#8220; scene_position=&#8220;center&#8220; top_padding=&#8220;3%&#8220; text_color=&#8220;dark&#8220; text_align=&#8220;left&#8220; row_border_radius=&#8220;none&#8220; row_border_radius_applies=&#8220;bg&#8220; overflow=&#8220;visible&#8220; overlay_strength=&#8220;0.3&#8243; gradient_direction=&#8220;left_to_right&#8220; shape_divider_position=&#8220;bottom&#8220; bg_image_animation=&#8220;none&#8220; gradient_type=&#8220;default&#8220; shape_type=&#8220;&#8220;][vc_column column_padding=&#8220;padding-5-percent&#8220; column_padding_tablet=&#8220;inherit&#8220; column_padding_phone=&#8220;inherit&#8220; column_padding_position=&#8220;all&#8220; column_element_direction_desktop=&#8220;default&#8220; column_element_spacing=&#8220;default&#8220; desktop_text_alignment=&#8220;default&#8220; tablet_text_alignment=&#8220;default&#8220; phone_text_alignment=&#8220;default&#8220; background_color_opacity=&#8220;1&#8243; background_hover_color_opacity=&#8220;1&#8243; column_backdrop_filter=&#8220;none&#8220; column_shadow=&#8220;none&#8220; column_border_radius=&#8220;none&#8220; column_link_target=&#8220;_self&#8220; column_position=&#8220;default&#8220; gradient_direction=&#8220;left_to_right&#8220; overlay_strength=&#8220;0.3&#8243; width=&#8220;1\/2&#8243; tablet_width_inherit=&#8220;default&#8220; animation_type=&#8220;default&#8220; bg_image_animation=&#8220;none&#8220; border_type=&#8220;simple&#8220; column_border_width=&#8220;none&#8220; column_border_style=&#8220;solid&#8220; column_padding_type=&#8220;default&#8220; gradient_type=&#8220;default&#8220;][nectar_highlighted_text text_color=&#8220;#6b6b6b&#8220; scribble_color=&#8220;#deceb5&#8243; style=&#8220;scribble&#8220; scribble_shape=&#8220;squiggle-underline&#8220; scribble_thickness=&#8220;regular&#8220; scribble_speed=&#8220;1.8s&#8220; scribble_easing=&#8220;ease_in_out&#8220; text_direction=&#8220;default&#8220; custom_font_size=&#8220;3vw&#8220;]\n<h2>Kontakt <em>Uns<\/em><\/h2>\n[\/nectar_highlighted_text][\/vc_column][vc_column column_padding=&#8220;no-extra-padding&#8220; column_padding_tablet=&#8220;inherit&#8220; column_padding_phone=&#8220;inherit&#8220; column_padding_position=&#8220;all&#8220; column_element_direction_desktop=&#8220;default&#8220; column_element_spacing=&#8220;default&#8220; desktop_text_alignment=&#8220;default&#8220; tablet_text_alignment=&#8220;default&#8220; phone_text_alignment=&#8220;default&#8220; background_color_opacity=&#8220;1&#8243; background_hover_color_opacity=&#8220;1&#8243; column_backdrop_filter=&#8220;none&#8220; column_shadow=&#8220;none&#8220; column_border_radius=&#8220;none&#8220; column_link_target=&#8220;_self&#8220; column_position=&#8220;default&#8220; gradient_direction=&#8220;left_to_right&#8220; overlay_strength=&#8220;0.3&#8243; width=&#8220;1\/2&#8243; tablet_width_inherit=&#8220;default&#8220; animation_type=&#8220;default&#8220; bg_image_animation=&#8220;none&#8220; border_type=&#8220;simple&#8220; column_border_width=&#8220;none&#8220; column_border_style=&#8220;solid&#8220;]\n<div class=\"wpcf7 no-js\" id=\"wpcf7-f17-o1\" lang=\"tr-TR\" dir=\"ltr\" data-wpcf7-id=\"17\">\n<div class=\"screen-reader-response\"><p role=\"status\" aria-live=\"polite\" aria-atomic=\"true\"><\/p> <ul><\/ul><\/div>\n<form action=\"\/de\/wp-json\/wp\/v2\/pages\/3756#wpcf7-f17-o1\" method=\"post\" class=\"wpcf7-form init\" aria-label=\"\u0130leti\u015fim Formu\" novalidate=\"novalidate\" data-status=\"init\">\n<fieldset class=\"hidden-fields-container\"><input type=\"hidden\" name=\"_wpcf7\" value=\"17\" \/><input type=\"hidden\" name=\"_wpcf7_version\" value=\"6.1.5\" \/><input type=\"hidden\" name=\"_wpcf7_locale\" value=\"tr_TR\" \/><input type=\"hidden\" name=\"_wpcf7_unit_tag\" value=\"wpcf7-f17-o1\" \/><input type=\"hidden\" name=\"_wpcf7_container_post\" value=\"0\" \/><input type=\"hidden\" name=\"_wpcf7_posted_data_hash\" value=\"\" \/><input type=\"hidden\" name=\"_wpcf7_recaptcha_response\" value=\"\" \/>\n<\/fieldset>\n<div style=\"display:inline-flex; flex-wrap:wrap; gap:16px; color:#b1acaa;\">\n\t<div style=\"display:flex; gap:16px;\">\n\t\t<div style=\"width: 100%; \">\n\t\t\t<p><span class=\"wpcf7-form-control-wrap\" data-name=\"ad\"><input size=\"40\" maxlength=\"400\" class=\"wpcf7-form-control wpcf7-text wpcf7-validates-as-required\" autocomplete=\"name\" aria-required=\"true\" aria-invalid=\"false\" placeholder=\"Name\" value=\"\" type=\"text\" name=\"ad\" \/><\/span>\n\t\t\t<\/p>\n\t\t<\/div>\n\t\t<div style=\"width: 100%;\">\n\t\t\t<p><span class=\"wpcf7-form-control-wrap\" data-name=\"mail\"><input size=\"40\" maxlength=\"400\" class=\"wpcf7-form-control wpcf7-email wpcf7-validates-as-required wpcf7-text wpcf7-validates-as-email\" autocomplete=\"email\" aria-required=\"true\" aria-invalid=\"false\" placeholder=\"E-Mail\" value=\"\" type=\"email\" name=\"mail\" \/><\/span>\n\t\t\t<\/p>\n\t\t<\/div>\n\t<\/div>\n\t<div style=\"width: 100%;\">\n\t\t<p><span class=\"wpcf7-form-control-wrap tel-540\"><input type=\"hidden\" value=\"false\" class=\"check_validate\" name=\"tel-540_check\" \/><input class=\"wpcf7-form-control wpcf7-tel wpcf7-validates-as-required wpcf7-validates-as-tel\" aria-required=\"true\" aria-invalid=\"false\" placeholder=\"Phone Number\" value=\"\" type=\"tel\" name=\"tel-540_hide\" data-name=\"tel-540\"  data-pre=\"\" data-excludeCountries=\"\" data-onlyct=\"\" data-defcountry=\"tr\" data-auto=\"1\" data-validation=\"1\" \/><\/span>\n\t\t<\/p>\n\t<\/div>\n\t<div style=\"width: 100%;\">\n\t\t<p><span class=\"wpcf7-form-control-wrap\" data-name=\"menu-51\"><select class=\"wpcf7-form-control wpcf7-select wpcf7-validates-as-required\" aria-required=\"true\" aria-invalid=\"false\" name=\"menu-51\"><option value=\"\">What treatment are you interested in?<\/option><option value=\"Facial Aesthetics\">Facial Aesthetics<\/option><option value=\"Body Aesthetics\">Body Aesthetics<\/option><option value=\"Hair Transplantation\">Hair Transplantation<\/option><option value=\"Dental Treatment\">Dental Treatment<\/option><option value=\"Medical Aesthetics\">Medical Aesthetics<\/option><\/select><\/span>\n\t\t<\/p>\n\t<\/div>\n<span class=\"wpcf7-form-control-wrap recaptcha\" data-name=\"recaptcha\"><span data-sitekey=\"6LeyfQ0rAAAAAAFNNpHenVDVqpLlcRsW7KwtR9Kr\" class=\"wpcf7-form-control wpcf7-recaptcha g-recaptcha\"><\/span>\r\n<noscript>\r\n\t<div class=\"grecaptcha-noscript\">\r\n\t\t<iframe loading=\"lazy\" src=\"https:\/\/www.google.com\/recaptcha\/api\/fallback?k=6LeyfQ0rAAAAAAFNNpHenVDVqpLlcRsW7KwtR9Kr\" frameborder=\"0\" scrolling=\"no\" width=\"310\" height=\"430\">\r\n\t\t<\/iframe>\r\n\t\t<textarea name=\"g-recaptcha-response\" rows=\"3\" cols=\"40\" placeholder=\"reCaptcha Response Here\">\r\n\t\t<\/textarea>\r\n\t<\/div>\r\n<\/noscript>\r\n<\/span>\n\t<p><input class=\"wpcf7-form-control wpcf7-submit has-spinner\" type=\"submit\" value=\"Send\" \/>\n\t<\/p>\n<\/div><div class=\"wpcf7-response-output\" aria-hidden=\"true\"><\/div>\n<\/form>\n<\/div>\n[\/vc_column][\/vc_row][vc_row type=&#8220;in_container&#8220; full_screen_row_position=&#8220;middle&#8220; column_margin=&#8220;default&#8220; column_direction=&#8220;default&#8220; column_direction_tablet=&#8220;default&#8220; column_direction_phone=&#8220;default&#8220; scene_position=&#8220;center&#8220; text_color=&#8220;dark&#8220; text_align=&#8220;left&#8220; row_border_radius=&#8220;none&#8220; row_border_radius_applies=&#8220;bg&#8220; overflow=&#8220;visible&#8220; overlay_strength=&#8220;0.3&#8243; gradient_direction=&#8220;left_to_right&#8220; shape_divider_position=&#8220;bottom&#8220; bg_image_animation=&#8220;none&#8220;][vc_column column_padding=&#8220;no-extra-padding&#8220; column_padding_tablet=&#8220;inherit&#8220; column_padding_phone=&#8220;inherit&#8220; column_padding_position=&#8220;all&#8220; column_element_direction_desktop=&#8220;default&#8220; column_element_spacing=&#8220;default&#8220; desktop_text_alignment=&#8220;default&#8220; tablet_text_alignment=&#8220;default&#8220; phone_text_alignment=&#8220;default&#8220; background_color_opacity=&#8220;1&#8243; background_hover_color_opacity=&#8220;1&#8243; column_backdrop_filter=&#8220;none&#8220; column_shadow=&#8220;none&#8220; column_border_radius=&#8220;none&#8220; column_link_target=&#8220;_self&#8220; column_position=&#8220;default&#8220; gradient_direction=&#8220;left_to_right&#8220; overlay_strength=&#8220;0.3&#8243; width=&#8220;1\/1&#8243; tablet_width_inherit=&#8220;default&#8220; animation_type=&#8220;default&#8220; bg_image_animation=&#8220;none&#8220; border_type=&#8220;simple&#8220; column_border_width=&#8220;none&#8220; column_border_style=&#8220;solid&#8220;][vc_column_text css=&#8220;&#8220; text_direction=&#8220;default&#8220;]\n<h3>Was sind die Vorteile des Soprano Ice Lasers?<\/h3>\n<p>Der Soprano Ice Laser bietet zahlreiche Vorteile f\u00fcr Patienten, darunter:<\/p>\n<p>Dauerhafte Haarreduktion: Die Behandlung reduziert effektiv das Haarwachstum in den Zielbereichen und sorgt f\u00fcr langanhaltende Ergebnisse.<\/p>\n<p>Sicher und sanft: Der Soprano Ice Laser ist sicher und sanft und daher f\u00fcr alle Hauttypen geeignet, auch f\u00fcr empfindliche Haut.<\/p>\n<p>Schmerzfrei: Die Behandlung ist nahezu schmerzfrei und die Patienten k\u00f6nnen unmittelbar nach dem Eingriff ihren t\u00e4glichen Aktivit\u00e4ten nachgehen.<\/p>\n<p>Schnell und bequem: Der Soprano Ice Laser ist eine schnelle und bequeme Behandlung, wobei die meisten Sitzungen je nach Gr\u00f6\u00dfe des Behandlungsbereichs zwischen 15 und 60 Minuten dauern.<\/p>\n<p>Anpassbar: Die Behandlung ist anpassbar, sodass der Dermatologe die Lasereinstellungen an den spezifischen Hauttyp und die Haarfarbe des Patienten anpassen kann.<\/p>\n<p>Wirksam auf alle K\u00f6rperbereiche: Der Soprano-Eislaser kann auf allen K\u00f6rperbereichen angewendet werden, einschlie\u00dflich Gesicht, Beinen, Armen, Achselh\u00f6hlen, Bikinizone und R\u00fccken.<\/p>\n<h3>Wer ist ein guter Kandidat f\u00fcr Soprano Ice Laser?<\/h3>\n<p>Der Soprano Ice Laser eignet sich f\u00fcr alle, die an den gezielten Stellen eine dauerhafte Haarentfernung erreichen m\u00f6chten. Die Behandlung ist f\u00fcr alle Hauttypen sicher und wirksam, und Patienten mit hellem oder dunklem Haar k\u00f6nnen von der Behandlung profitieren. Es ist jedoch wichtig, einen Dermatologen zu konsultieren, um festzustellen, ob der Soprano Ice Laser die beste Option f\u00fcr Ihren spezifischen Hauttyp und Ihre Haarfarbe ist.[\/vc_column_text][\/vc_column][\/vc_row]\n","protected":false},"excerpt":{"rendered":"<p>[vc_row type=&#8220;in_container&#8220; full_screen_row_position=&#8220;middle&#8220; column_margin=&#8220;default&#8220; column_direction=&#8220;default&#8220; column_direction_tablet=&#8220;default&#8220; column_direction_phone=&#8220;default&#8220; scene_position=&#8220;center&#8220; top_padding=&#8220;3%&#8220; text_color=&#8220;dark&#8220; text_align=&#8220;left&#8220; row_border_radius=&#8220;none&#8220; row_border_radius_applies=&#8220;bg&#8220; overflow=&#8220;visible&#8220; overlay_strength=&#8220;0.3&#8243; gradient_direction=&#8220;left_to_right&#8220; shape_divider_position=&#8220;bottom&#8220; bg_image_animation=&#8220;none&#8220; gradient_type=&#8220;default&#8220; shape_type=&#8220;&#8220;][vc_column column_padding=&#8220;no-extra-padding&#8220; column_padding_tablet=&#8220;inherit&#8220; column_padding_phone=&#8220;inherit&#8220; column_padding_position=&#8220;all&#8220; column_element_direction_desktop=&#8220;default&#8220; column_element_spacing=&#8220;default&#8220; desktop_text_alignment=&#8220;default&#8220; tablet_text_alignment=&#8220;default&#8220; phone_text_alignment=&#8220;default&#8220; background_color_opacity=&#8220;1&#8243;&#8230;<\/p>\n","protected":false},"author":1,"featured_media":0,"parent":0,"menu_order":0,"comment_status":"closed","ping_status":"closed","template":"","meta":{"_joinchat":[],"footnotes":""},"class_list":["post-3756","page","type-page","status-publish"],"yoast_head":"<!-- This site is optimized with the Yoast SEO plugin v27.4 - https:\/\/yoast.com\/product\/yoast-seo-wordpress\/ -->\n<title>Sopran-Eislaser - Askeroglu Health Group<\/title>\n<meta name=\"description\" content=\"Botoluniumtoxin-Anwendungen Hautpflegeanwendungen geh\u00f6ren heute zu den am h\u00e4ufigsten angewandten Pflegemethoden. Sopran-Eislaser\" \/>\n<meta name=\"robots\" content=\"index, follow, max-snippet:-1, max-image-preview:large, max-video-preview:-1\" \/>\n<link rel=\"canonical\" href=\"https:\/\/askerogluhealthgroup.com\/de\/sopran-eislaser\/\" \/>\n<meta property=\"og:locale\" content=\"de_DE\" \/>\n<meta property=\"og:type\" content=\"article\" \/>\n<meta property=\"og:title\" content=\"Sopran-Eislaser - Askeroglu Health Group\" \/>\n<meta property=\"og:description\" content=\"Botoluniumtoxin-Anwendungen Hautpflegeanwendungen geh\u00f6ren heute zu den am h\u00e4ufigsten angewandten Pflegemethoden. Sopran-Eislaser\" \/>\n<meta property=\"og:url\" content=\"https:\/\/askerogluhealthgroup.com\/de\/sopran-eislaser\/\" \/>\n<meta property=\"og:site_name\" content=\"Askeroglu Health Group\" \/>\n<meta property=\"article:modified_time\" content=\"2024-08-10T14:43:26+00:00\" \/>\n<meta name=\"twitter:card\" content=\"summary_large_image\" \/>\n<meta name=\"twitter:label1\" content=\"Gesch\u00e4tzte Lesezeit\" \/>\n\t<meta name=\"twitter:data1\" content=\"3\u00a0Minuten\" \/>\n<script type=\"application\/ld+json\" class=\"yoast-schema-graph\">{\"@context\":\"https:\\\/\\\/schema.org\",\"@graph\":[{\"@type\":\"WebPage\",\"@id\":\"https:\\\/\\\/askerogluhealthgroup.com\\\/de\\\/sopran-eislaser\\\/\",\"url\":\"https:\\\/\\\/askerogluhealthgroup.com\\\/de\\\/sopran-eislaser\\\/\",\"name\":\"Sopran-Eislaser - Askeroglu Health Group\",\"isPartOf\":{\"@id\":\"https:\\\/\\\/askerogluhealthgroup.com\\\/#website\"},\"datePublished\":\"2024-05-06T11:42:54+00:00\",\"dateModified\":\"2024-08-10T14:43:26+00:00\",\"description\":\"Botoluniumtoxin-Anwendungen Hautpflegeanwendungen geh\u00f6ren heute zu den am h\u00e4ufigsten angewandten Pflegemethoden. Sopran-Eislaser\",\"breadcrumb\":{\"@id\":\"https:\\\/\\\/askerogluhealthgroup.com\\\/de\\\/sopran-eislaser\\\/#breadcrumb\"},\"inLanguage\":\"de\",\"potentialAction\":[{\"@type\":\"ReadAction\",\"target\":[\"https:\\\/\\\/askerogluhealthgroup.com\\\/de\\\/sopran-eislaser\\\/\"]}]},{\"@type\":\"BreadcrumbList\",\"@id\":\"https:\\\/\\\/askerogluhealthgroup.com\\\/de\\\/sopran-eislaser\\\/#breadcrumb\",\"itemListElement\":[{\"@type\":\"ListItem\",\"position\":1,\"name\":\"Anasayfa\",\"item\":\"https:\\\/\\\/askerogluhealthgroup.com\\\/de\\\/\"},{\"@type\":\"ListItem\",\"position\":2,\"name\":\"Sopran-Eislaser\"}]},{\"@type\":\"WebSite\",\"@id\":\"https:\\\/\\\/askerogluhealthgroup.com\\\/#website\",\"url\":\"https:\\\/\\\/askerogluhealthgroup.com\\\/\",\"name\":\"Askeroglu Health Group\",\"description\":\"\",\"publisher\":{\"@id\":\"https:\\\/\\\/askerogluhealthgroup.com\\\/#organization\"},\"potentialAction\":[{\"@type\":\"SearchAction\",\"target\":{\"@type\":\"EntryPoint\",\"urlTemplate\":\"https:\\\/\\\/askerogluhealthgroup.com\\\/?s={search_term_string}\"},\"query-input\":{\"@type\":\"PropertyValueSpecification\",\"valueRequired\":true,\"valueName\":\"search_term_string\"}}],\"inLanguage\":\"de\"},{\"@type\":\"Organization\",\"@id\":\"https:\\\/\\\/askerogluhealthgroup.com\\\/#organization\",\"name\":\"Askeroglu Health Group\",\"url\":\"https:\\\/\\\/askerogluhealthgroup.com\\\/\",\"logo\":{\"@type\":\"ImageObject\",\"inLanguage\":\"de\",\"@id\":\"https:\\\/\\\/askerogluhealthgroup.com\\\/#\\\/schema\\\/logo\\\/image\\\/\",\"url\":\"https:\\\/\\\/bsyazilimworks.top\\\/wp-content\\\/uploads\\\/2024\\\/05\\\/logo-son3.png\",\"contentUrl\":\"https:\\\/\\\/bsyazilimworks.top\\\/wp-content\\\/uploads\\\/2024\\\/05\\\/logo-son3.png\",\"width\":700,\"height\":153,\"caption\":\"Askeroglu Health Group\"},\"image\":{\"@id\":\"https:\\\/\\\/askerogluhealthgroup.com\\\/#\\\/schema\\\/logo\\\/image\\\/\"}}]}<\/script>\n<!-- \/ Yoast SEO plugin. -->","yoast_head_json":{"title":"Sopran-Eislaser - Askeroglu Health Group","description":"Botoluniumtoxin-Anwendungen Hautpflegeanwendungen geh\u00f6ren heute zu den am h\u00e4ufigsten angewandten Pflegemethoden. Sopran-Eislaser","robots":{"index":"index","follow":"follow","max-snippet":"max-snippet:-1","max-image-preview":"max-image-preview:large","max-video-preview":"max-video-preview:-1"},"canonical":"https:\/\/askerogluhealthgroup.com\/de\/sopran-eislaser\/","og_locale":"de_DE","og_type":"article","og_title":"Sopran-Eislaser - Askeroglu Health Group","og_description":"Botoluniumtoxin-Anwendungen Hautpflegeanwendungen geh\u00f6ren heute zu den am h\u00e4ufigsten angewandten Pflegemethoden. Sopran-Eislaser","og_url":"https:\/\/askerogluhealthgroup.com\/de\/sopran-eislaser\/","og_site_name":"Askeroglu Health Group","article_modified_time":"2024-08-10T14:43:26+00:00","twitter_card":"summary_large_image","twitter_misc":{"Gesch\u00e4tzte Lesezeit":"3\u00a0Minuten"},"schema":{"@context":"https:\/\/schema.org","@graph":[{"@type":"WebPage","@id":"https:\/\/askerogluhealthgroup.com\/de\/sopran-eislaser\/","url":"https:\/\/askerogluhealthgroup.com\/de\/sopran-eislaser\/","name":"Sopran-Eislaser - Askeroglu Health Group","isPartOf":{"@id":"https:\/\/askerogluhealthgroup.com\/#website"},"datePublished":"2024-05-06T11:42:54+00:00","dateModified":"2024-08-10T14:43:26+00:00","description":"Botoluniumtoxin-Anwendungen Hautpflegeanwendungen geh\u00f6ren heute zu den am h\u00e4ufigsten angewandten Pflegemethoden. Sopran-Eislaser","breadcrumb":{"@id":"https:\/\/askerogluhealthgroup.com\/de\/sopran-eislaser\/#breadcrumb"},"inLanguage":"de","potentialAction":[{"@type":"ReadAction","target":["https:\/\/askerogluhealthgroup.com\/de\/sopran-eislaser\/"]}]},{"@type":"BreadcrumbList","@id":"https:\/\/askerogluhealthgroup.com\/de\/sopran-eislaser\/#breadcrumb","itemListElement":[{"@type":"ListItem","position":1,"name":"Anasayfa","item":"https:\/\/askerogluhealthgroup.com\/de\/"},{"@type":"ListItem","position":2,"name":"Sopran-Eislaser"}]},{"@type":"WebSite","@id":"https:\/\/askerogluhealthgroup.com\/#website","url":"https:\/\/askerogluhealthgroup.com\/","name":"Askeroglu Health Group","description":"","publisher":{"@id":"https:\/\/askerogluhealthgroup.com\/#organization"},"potentialAction":[{"@type":"SearchAction","target":{"@type":"EntryPoint","urlTemplate":"https:\/\/askerogluhealthgroup.com\/?s={search_term_string}"},"query-input":{"@type":"PropertyValueSpecification","valueRequired":true,"valueName":"search_term_string"}}],"inLanguage":"de"},{"@type":"Organization","@id":"https:\/\/askerogluhealthgroup.com\/#organization","name":"Askeroglu Health Group","url":"https:\/\/askerogluhealthgroup.com\/","logo":{"@type":"ImageObject","inLanguage":"de","@id":"https:\/\/askerogluhealthgroup.com\/#\/schema\/logo\/image\/","url":"https:\/\/bsyazilimworks.top\/wp-content\/uploads\/2024\/05\/logo-son3.png","contentUrl":"https:\/\/bsyazilimworks.top\/wp-content\/uploads\/2024\/05\/logo-son3.png","width":700,"height":153,"caption":"Askeroglu Health Group"},"image":{"@id":"https:\/\/askerogluhealthgroup.com\/#\/schema\/logo\/image\/"}}]}},"_links":{"self":[{"href":"https:\/\/askerogluhealthgroup.com\/de\/wp-json\/wp\/v2\/pages\/3756","targetHints":{"allow":["GET"]}}],"collection":[{"href":"https:\/\/askerogluhealthgroup.com\/de\/wp-json\/wp\/v2\/pages"}],"about":[{"href":"https:\/\/askerogluhealthgroup.com\/de\/wp-json\/wp\/v2\/types\/page"}],"author":[{"embeddable":true,"href":"https:\/\/askerogluhealthgroup.com\/de\/wp-json\/wp\/v2\/users\/1"}],"replies":[{"embeddable":true,"href":"https:\/\/askerogluhealthgroup.com\/de\/wp-json\/wp\/v2\/comments?post=3756"}],"version-history":[{"count":2,"href":"https:\/\/askerogluhealthgroup.com\/de\/wp-json\/wp\/v2\/pages\/3756\/revisions"}],"predecessor-version":[{"id":3758,"href":"https:\/\/askerogluhealthgroup.com\/de\/wp-json\/wp\/v2\/pages\/3756\/revisions\/3758"}],"wp:attachment":[{"href":"https:\/\/askerogluhealthgroup.com\/de\/wp-json\/wp\/v2\/media?parent=3756"}],"curies":[{"name":"wp","href":"https:\/\/api.w.org\/{rel}","templated":true}]}}