{"id":1286,"date":"2024-05-03T16:58:44","date_gmt":"2024-05-03T13:58:44","guid":{"rendered":"https:\/\/askerogluhealthgroup.com\/contact\/"},"modified":"2024-05-13T13:55:56","modified_gmt":"2024-05-13T10:55:56","slug":"contactenos","status":"publish","type":"page","link":"https:\/\/askerogluhealthgroup.com\/es\/contactenos\/","title":{"rendered":"Cont\u00e1ctenos"},"content":{"rendered":"[vc_row type=\u00bbin_container\u00bb full_screen_row_position=\u00bbmiddle\u00bb column_margin=\u00bbdefault\u00bb column_direction=\u00bbdefault\u00bb column_direction_tablet=\u00bbdefault\u00bb column_direction_phone=\u00bbdefault\u00bb scene_position=\u00bbcenter\u00bb text_color=\u00bbdark\u00bb text_align=\u00bbleft\u00bb row_border_radius=\u00bbnone\u00bb row_border_radius_applies=\u00bbbg\u00bb overflow=\u00bbvisible\u00bb overlay_strength=\u00bb0.3&#8243; gradient_direction=\u00bbleft_to_right\u00bb shape_divider_position=\u00bbbottom\u00bb bg_image_animation=\u00bbnone\u00bb][vc_column column_padding=\u00bbno-extra-padding\u00bb column_padding_tablet=\u00bbinherit\u00bb column_padding_phone=\u00bbinherit\u00bb column_padding_position=\u00bball\u00bb column_element_direction_desktop=\u00bbdefault\u00bb column_element_spacing=\u00bbdefault\u00bb desktop_text_alignment=\u00bbdefault\u00bb tablet_text_alignment=\u00bbdefault\u00bb phone_text_alignment=\u00bbdefault\u00bb background_color_opacity=\u00bb1&#8243; background_hover_color_opacity=\u00bb1&#8243; column_backdrop_filter=\u00bbnone\u00bb column_shadow=\u00bbnone\u00bb column_border_radius=\u00bbnone\u00bb column_link_target=\u00bb_self\u00bb column_position=\u00bbdefault\u00bb gradient_direction=\u00bbleft_to_right\u00bb overlay_strength=\u00bb0.3&#8243; width=\u00bb1\/1&#8243; tablet_width_inherit=\u00bbdefault\u00bb animation_type=\u00bbdefault\u00bb bg_image_animation=\u00bbnone\u00bb border_type=\u00bbsimple\u00bb column_border_width=\u00bbnone\u00bb column_border_style=\u00bbsolid\u00bb][vc_raw_html css=\u00bb\u00bb]JTNDaWZyYW1lJTIwc3JjJTNEJTIyaHR0cHMlM0ElMkYlMkZ3d3cuZ29vZ2xlLmNvbSUyRm1hcHMlMkZlbWJlZCUzRnBiJTNEJTIxMW0xNCUyMTFtOCUyMTFtMyUyMTFkNjAxNy45NDc0MjAzNDExMjclMjEyZDI4Ljk5NTk1NyUyMTNkNDEuMDQ3NzA0JTIxM20yJTIxMWkxMDI0JTIxMmk3NjglMjE0ZjEzLjElMjEzbTMlMjExbTIlMjExczB4MTRjYWI3ZTZmZWFjMmI1YiUyNTNBMHgxNmUxYzMwMDYxNTVhNjc0JTIxMnNBc2tlcm9nbHUlMjUyMEhlYWx0aCUyNTIwR3JvdXAlMjE1ZTAlMjEzbTIlMjExc3RyJTIxMnN0ciUyMTR2MTcxNDc0NTE4OTYyMyUyMTVtMiUyMTFzdHIlMjEyc3RyJTIyJTIwd2lkdGglM0QlMjIxOTIwJTIyJTIwaGVpZ2h0JTNEJTIyMjAwJTIyJTIwc3R5bGUlM0QlMjJib3JkZXIlM0EwJTNCJTIyJTIwYWxsb3dmdWxsc2NyZWVuJTNEJTIyJTIyJTIwbG9hZGluZyUzRCUyMmxhenklMjIlMjByZWZlcnJlcnBvbGljeSUzRCUyMm5vLXJlZmVycmVyLXdoZW4tZG93bmdyYWRlJTIyJTNFJTNDJTJGaWZyYW1lJTNF[\/vc_raw_html][\/vc_column][\/vc_row][vc_row type=\u00bbin_container\u00bb full_screen_row_position=\u00bbmiddle\u00bb column_margin=\u00bbdefault\u00bb column_direction=\u00bbdefault\u00bb column_direction_tablet=\u00bbdefault\u00bb column_direction_phone=\u00bbdefault\u00bb scene_position=\u00bbcenter\u00bb top_padding=\u00bb3%\u00bb constrain_group_1=\u00bbyes\u00bb bottom_padding=\u00bb3%\u00bb text_color=\u00bbdark\u00bb text_align=\u00bbleft\u00bb row_border_radius=\u00bbnone\u00bb row_border_radius_applies=\u00bbbg\u00bb overflow=\u00bbvisible\u00bb overlay_strength=\u00bb0.3&#8243; gradient_direction=\u00bbleft_to_right\u00bb shape_divider_position=\u00bbbottom\u00bb bg_image_animation=\u00bbnone\u00bb gradient_type=\u00bbdefault\u00bb shape_type=\u00bb\u00bb][vc_column column_padding=\u00bbno-extra-padding\u00bb column_padding_tablet=\u00bbinherit\u00bb column_padding_phone=\u00bbinherit\u00bb column_padding_position=\u00bball\u00bb column_element_direction_desktop=\u00bbdefault\u00bb column_element_spacing=\u00bbdefault\u00bb desktop_text_alignment=\u00bbdefault\u00bb tablet_text_alignment=\u00bbdefault\u00bb phone_text_alignment=\u00bbdefault\u00bb background_color_opacity=\u00bb1&#8243; background_hover_color_opacity=\u00bb1&#8243; column_backdrop_filter=\u00bbnone\u00bb column_shadow=\u00bbnone\u00bb column_border_radius=\u00bbnone\u00bb column_link_target=\u00bb_self\u00bb column_position=\u00bbdefault\u00bb gradient_direction=\u00bbleft_to_right\u00bb overlay_strength=\u00bb0.3&#8243; width=\u00bb1\/2&#8243; tablet_width_inherit=\u00bbdefault\u00bb animation_type=\u00bbdefault\u00bb bg_image_animation=\u00bbnone\u00bb border_type=\u00bbsimple\u00bb column_border_width=\u00bbnone\u00bb column_border_style=\u00bbsolid\u00bb][nectar_highlighted_text color_type=\u00bbgradient\u00bb highlight_color=\u00bb#deceb5&#8243; secondary_color=\u00bbrgba(222,206,181,0.01)\u00bb text_color=\u00bb#deceb5&#8243; style=\u00bbhalf_text\u00bb custom_font_size=\u00bb10vh\u00bb delay=\u00bb200&#8243; text_direction=\u00bbdefault\u00bb]\n<h1>Cont\u00e1cte<em>nos<\/em><\/h1>\n[\/nectar_highlighted_text][vc_column_text css=\u00bb\u00bb text_direction=\u00bbdefault\u00bb]\n<div class=\"ld-fancy-heading ld_fancy_heading_6634ed6274d7b lqd-unit-animation-done\">\n<p class=\"ld-fh-element lqd-highlight-underline lqd-highlight-grow-left text-decoration-default\">Harbiye mah. H\u00fcsrev Gerede Cad.<br \/>\nG\u00f6z\u00fcm Apartman\u0131 69\/1 \u015ei\u015fli\/\u0130stanbul<\/p>\n<\/div>\n<div class=\"ld-fancy-heading ld_fancy_heading_6634ed6274f77 lqd-unit-animation-done\">\n<p><strong>T\u00e9l\u00e9phone:<\/strong><br \/>\n<a class=\"telefon_iletisim\" href=\"tel:+905417912020\">+90 541 791 20 20<\/a><br \/>\n<a class=\"telefon_iletisim\" href=\"tel:+905464699948\">+90 546 469 99 48<\/a><\/p>\n<\/div>\n[\/vc_column_text][\/vc_column][vc_column column_padding=\u00bbno-extra-padding\u00bb column_padding_tablet=\u00bbinherit\u00bb column_padding_phone=\u00bbinherit\u00bb column_padding_position=\u00bball\u00bb column_element_direction_desktop=\u00bbdefault\u00bb column_element_spacing=\u00bbdefault\u00bb desktop_text_alignment=\u00bbdefault\u00bb tablet_text_alignment=\u00bbdefault\u00bb phone_text_alignment=\u00bbdefault\u00bb background_color_opacity=\u00bb1&#8243; background_hover_color_opacity=\u00bb1&#8243; column_backdrop_filter=\u00bbnone\u00bb column_shadow=\u00bbnone\u00bb column_border_radius=\u00bbnone\u00bb column_link_target=\u00bb_self\u00bb column_position=\u00bbdefault\u00bb gradient_direction=\u00bbleft_to_right\u00bb overlay_strength=\u00bb0.3&#8243; width=\u00bb1\/2&#8243; tablet_width_inherit=\u00bbdefault\u00bb animation_type=\u00bbdefault\u00bb bg_image_animation=\u00bbnone\u00bb border_type=\u00bbsimple\u00bb column_border_width=\u00bbnone\u00bb column_border_style=\u00bbsolid\u00bb]\n<div class=\"wpcf7 no-js\" id=\"wpcf7-f1390-o1\" lang=\"tr-TR\" dir=\"ltr\" data-wpcf7-id=\"1390\">\n<div class=\"screen-reader-response\"><p role=\"status\" aria-live=\"polite\" aria-atomic=\"true\"><\/p> <ul><\/ul><\/div>\n<form action=\"\/es\/wp-json\/wp\/v2\/pages\/1286#wpcf7-f1390-o1\" method=\"post\" class=\"wpcf7-form init\" aria-label=\"\u0130leti\u015fim Formu\" novalidate=\"novalidate\" data-status=\"init\">\n<fieldset class=\"hidden-fields-container\"><input type=\"hidden\" name=\"_wpcf7\" value=\"1390\" \/><input type=\"hidden\" name=\"_wpcf7_version\" value=\"6.1.5\" \/><input type=\"hidden\" name=\"_wpcf7_locale\" value=\"tr_TR\" \/><input type=\"hidden\" name=\"_wpcf7_unit_tag\" value=\"wpcf7-f1390-o1\" \/><input type=\"hidden\" name=\"_wpcf7_container_post\" value=\"0\" \/><input type=\"hidden\" name=\"_wpcf7_posted_data_hash\" value=\"\" \/><input type=\"hidden\" name=\"_wpcf7_recaptcha_response\" value=\"\" \/>\n<\/fieldset>\n<div style=\"display:inline-flex; flex-wrap:wrap; gap:16px; color:#b1acaa;\">\n\t<div style=\"display:flex; gap:16px;\">\n\t\t<div style=\"width: 100%; \">\n\t\t\t<p><span class=\"wpcf7-form-control-wrap\" data-name=\"ad\"><input size=\"40\" maxlength=\"400\" class=\"wpcf7-form-control wpcf7-text wpcf7-validates-as-required\" autocomplete=\"name\" aria-required=\"true\" aria-invalid=\"false\" placeholder=\"Nombre\" value=\"\" type=\"text\" name=\"ad\" \/><\/span>\n\t\t\t<\/p>\n\t\t<\/div>\n\t\t<div style=\"width: 100%;\">\n\t\t\t<p><span class=\"wpcf7-form-control-wrap\" data-name=\"mail\"><input size=\"40\" maxlength=\"400\" class=\"wpcf7-form-control wpcf7-email wpcf7-validates-as-required wpcf7-text wpcf7-validates-as-email\" autocomplete=\"email\" aria-required=\"true\" aria-invalid=\"false\" placeholder=\"Correo electr\u00f3nico\" value=\"\" type=\"email\" name=\"mail\" \/><\/span>\n\t\t\t<\/p>\n\t\t<\/div>\n\t<\/div>\n\t<div style=\"width: 100%;\">\n\t\t<p><span class=\"wpcf7-form-control-wrap tel-540\"><input type=\"hidden\" value=\"false\" class=\"check_validate\" name=\"tel-540_check\" \/><input class=\"wpcf7-form-control wpcf7-tel wpcf7-validates-as-required wpcf7-validates-as-tel\" aria-required=\"true\" aria-invalid=\"false\" placeholder=\"N\u00famero de tel\u00e9fono\" value=\"\" type=\"tel\" name=\"tel-540_hide\" data-name=\"tel-540\"  data-pre=\"\" data-excludeCountries=\"\" data-onlyct=\"\" data-defcountry=\"tr\" data-auto=\"1\" data-validation=\"1\" \/><\/span>\n\t\t<\/p>\n\t<\/div>\n\t<div style=\"width: 100%;\">\n\t\t<p><span class=\"wpcf7-form-control-wrap\" data-name=\"menu-51\"><select class=\"wpcf7-form-control wpcf7-select wpcf7-validates-as-required\" aria-required=\"true\" aria-invalid=\"false\" name=\"menu-51\"><option value=\"\">Quel traitement vous int\u00e9ress\u00e9 ?<\/option><option value=\"Est\u00e9tica facial\">Est\u00e9tica facial<\/option><option value=\"Esth\u00e9tique du corps\">Esth\u00e9tique du corps<\/option><option value=\"Greffe de cheveux\">Greffe de cheveux<\/option><option value=\"Tratamientos Dentales\">Tratamientos Dentales<\/option><option value=\"M\u00e9dical Esth\u00e9tique\">M\u00e9dical Esth\u00e9tique<\/option><\/select><\/span>\n\t\t<\/p>\n\t<\/div>\n<span class=\"wpcf7-form-control-wrap recaptcha\" data-name=\"recaptcha\"><span data-sitekey=\"6LeyfQ0rAAAAAAFNNpHenVDVqpLlcRsW7KwtR9Kr\" class=\"wpcf7-form-control wpcf7-recaptcha g-recaptcha\"><\/span>\r\n<noscript>\r\n\t<div class=\"grecaptcha-noscript\">\r\n\t\t<iframe loading=\"lazy\" src=\"https:\/\/www.google.com\/recaptcha\/api\/fallback?k=6LeyfQ0rAAAAAAFNNpHenVDVqpLlcRsW7KwtR9Kr\" frameborder=\"0\" scrolling=\"no\" width=\"310\" height=\"430\">\r\n\t\t<\/iframe>\r\n\t\t<textarea name=\"g-recaptcha-response\" rows=\"3\" cols=\"40\" placeholder=\"reCaptcha Response Here\">\r\n\t\t<\/textarea>\r\n\t<\/div>\r\n<\/noscript>\r\n<\/span>\n\t<p><input class=\"wpcf7-form-control wpcf7-submit has-spinner\" type=\"submit\" value=\"Envoyer\" \/>\n\t<\/p>\n<\/div><div class=\"wpcf7-response-output\" aria-hidden=\"true\"><\/div>\n<\/form>\n<\/div>\n[\/vc_column][\/vc_row]\n","protected":false},"excerpt":{"rendered":"<p>[vc_row type=\u00bbin_container\u00bb full_screen_row_position=\u00bbmiddle\u00bb column_margin=\u00bbdefault\u00bb column_direction=\u00bbdefault\u00bb column_direction_tablet=\u00bbdefault\u00bb column_direction_phone=\u00bbdefault\u00bb scene_position=\u00bbcenter\u00bb text_color=\u00bbdark\u00bb text_align=\u00bbleft\u00bb row_border_radius=\u00bbnone\u00bb row_border_radius_applies=\u00bbbg\u00bb overflow=\u00bbvisible\u00bb overlay_strength=\u00bb0.3&#8243; gradient_direction=\u00bbleft_to_right\u00bb shape_divider_position=\u00bbbottom\u00bb bg_image_animation=\u00bbnone\u00bb][vc_column column_padding=\u00bbno-extra-padding\u00bb column_padding_tablet=\u00bbinherit\u00bb column_padding_phone=\u00bbinherit\u00bb column_padding_position=\u00bball\u00bb column_element_direction_desktop=\u00bbdefault\u00bb column_element_spacing=\u00bbdefault\u00bb desktop_text_alignment=\u00bbdefault\u00bb tablet_text_alignment=\u00bbdefault\u00bb phone_text_alignment=\u00bbdefault\u00bb background_color_opacity=\u00bb1&#8243; background_hover_color_opacity=\u00bb1&#8243; column_backdrop_filter=\u00bbnone\u00bb column_shadow=\u00bbnone\u00bb&#8230;<\/p>\n","protected":false},"author":1,"featured_media":0,"parent":0,"menu_order":0,"comment_status":"closed","ping_status":"closed","template":"","meta":{"_joinchat":[],"footnotes":""},"class_list":["post-1286","page","type-page","status-publish"],"yoast_head":"<!-- This site is optimized with the Yoast SEO plugin v27.4 - https:\/\/yoast.com\/product\/yoast-seo-wordpress\/ -->\n<title>Cont\u00e1ctenos - Askeroglu Health Group<\/title>\n<meta name=\"description\" content=\"As Askero\u011flu Health Group, contact us and let us find the most suitable treatment for you. Contact now\" \/>\n<meta name=\"robots\" content=\"index, follow, max-snippet:-1, max-image-preview:large, max-video-preview:-1\" \/>\n<link rel=\"canonical\" href=\"https:\/\/askerogluhealthgroup.com\/es\/contactenos\/\" \/>\n<meta property=\"og:locale\" content=\"es_ES\" \/>\n<meta property=\"og:type\" content=\"article\" \/>\n<meta property=\"og:title\" content=\"Cont\u00e1ctenos - Askeroglu Health Group\" \/>\n<meta property=\"og:description\" content=\"As Askero\u011flu Health Group, contact us and let us find the most suitable treatment for you. Contact now\" \/>\n<meta property=\"og:url\" content=\"https:\/\/askerogluhealthgroup.com\/es\/contactenos\/\" \/>\n<meta property=\"og:site_name\" content=\"Askeroglu Health Group\" \/>\n<meta property=\"article:modified_time\" content=\"2024-05-13T10:55:56+00:00\" \/>\n<meta name=\"twitter:card\" content=\"summary_large_image\" \/>\n<meta name=\"twitter:label1\" content=\"Tiempo de lectura\" \/>\n\t<meta name=\"twitter:data1\" content=\"1 minuto\" \/>\n<script type=\"application\/ld+json\" class=\"yoast-schema-graph\">{\"@context\":\"https:\\\/\\\/schema.org\",\"@graph\":[{\"@type\":\"WebPage\",\"@id\":\"https:\\\/\\\/askerogluhealthgroup.com\\\/es\\\/contactenos\\\/\",\"url\":\"https:\\\/\\\/askerogluhealthgroup.com\\\/es\\\/contactenos\\\/\",\"name\":\"Cont\u00e1ctenos - Askeroglu Health Group\",\"isPartOf\":{\"@id\":\"https:\\\/\\\/askerogluhealthgroup.com\\\/#website\"},\"datePublished\":\"2024-05-03T13:58:44+00:00\",\"dateModified\":\"2024-05-13T10:55:56+00:00\",\"description\":\"As Askero\u011flu Health Group, contact us and let us find the most suitable treatment for you. Contact now\",\"breadcrumb\":{\"@id\":\"https:\\\/\\\/askerogluhealthgroup.com\\\/es\\\/contactenos\\\/#breadcrumb\"},\"inLanguage\":\"es\",\"potentialAction\":[{\"@type\":\"ReadAction\",\"target\":[\"https:\\\/\\\/askerogluhealthgroup.com\\\/es\\\/contactenos\\\/\"]}]},{\"@type\":\"BreadcrumbList\",\"@id\":\"https:\\\/\\\/askerogluhealthgroup.com\\\/es\\\/contactenos\\\/#breadcrumb\",\"itemListElement\":[{\"@type\":\"ListItem\",\"position\":1,\"name\":\"Anasayfa\",\"item\":\"https:\\\/\\\/askerogluhealthgroup.com\\\/es\\\/\"},{\"@type\":\"ListItem\",\"position\":2,\"name\":\"Cont\u00e1ctenos\"}]},{\"@type\":\"WebSite\",\"@id\":\"https:\\\/\\\/askerogluhealthgroup.com\\\/#website\",\"url\":\"https:\\\/\\\/askerogluhealthgroup.com\\\/\",\"name\":\"Askeroglu Health Group\",\"description\":\"\",\"publisher\":{\"@id\":\"https:\\\/\\\/askerogluhealthgroup.com\\\/#organization\"},\"potentialAction\":[{\"@type\":\"SearchAction\",\"target\":{\"@type\":\"EntryPoint\",\"urlTemplate\":\"https:\\\/\\\/askerogluhealthgroup.com\\\/?s={search_term_string}\"},\"query-input\":{\"@type\":\"PropertyValueSpecification\",\"valueRequired\":true,\"valueName\":\"search_term_string\"}}],\"inLanguage\":\"es\"},{\"@type\":\"Organization\",\"@id\":\"https:\\\/\\\/askerogluhealthgroup.com\\\/#organization\",\"name\":\"Askeroglu Health Group\",\"url\":\"https:\\\/\\\/askerogluhealthgroup.com\\\/\",\"logo\":{\"@type\":\"ImageObject\",\"inLanguage\":\"es\",\"@id\":\"https:\\\/\\\/askerogluhealthgroup.com\\\/#\\\/schema\\\/logo\\\/image\\\/\",\"url\":\"https:\\\/\\\/bsyazilimworks.top\\\/wp-content\\\/uploads\\\/2024\\\/05\\\/logo-son3.png\",\"contentUrl\":\"https:\\\/\\\/bsyazilimworks.top\\\/wp-content\\\/uploads\\\/2024\\\/05\\\/logo-son3.png\",\"width\":700,\"height\":153,\"caption\":\"Askeroglu Health Group\"},\"image\":{\"@id\":\"https:\\\/\\\/askerogluhealthgroup.com\\\/#\\\/schema\\\/logo\\\/image\\\/\"}}]}<\/script>\n<!-- \/ Yoast SEO plugin. -->","yoast_head_json":{"title":"Cont\u00e1ctenos - Askeroglu Health Group","description":"As Askero\u011flu Health Group, contact us and let us find the most suitable treatment for you. Contact now","robots":{"index":"index","follow":"follow","max-snippet":"max-snippet:-1","max-image-preview":"max-image-preview:large","max-video-preview":"max-video-preview:-1"},"canonical":"https:\/\/askerogluhealthgroup.com\/es\/contactenos\/","og_locale":"es_ES","og_type":"article","og_title":"Cont\u00e1ctenos - Askeroglu Health Group","og_description":"As Askero\u011flu Health Group, contact us and let us find the most suitable treatment for you. Contact now","og_url":"https:\/\/askerogluhealthgroup.com\/es\/contactenos\/","og_site_name":"Askeroglu Health Group","article_modified_time":"2024-05-13T10:55:56+00:00","twitter_card":"summary_large_image","twitter_misc":{"Tiempo de lectura":"1 minuto"},"schema":{"@context":"https:\/\/schema.org","@graph":[{"@type":"WebPage","@id":"https:\/\/askerogluhealthgroup.com\/es\/contactenos\/","url":"https:\/\/askerogluhealthgroup.com\/es\/contactenos\/","name":"Cont\u00e1ctenos - Askeroglu Health Group","isPartOf":{"@id":"https:\/\/askerogluhealthgroup.com\/#website"},"datePublished":"2024-05-03T13:58:44+00:00","dateModified":"2024-05-13T10:55:56+00:00","description":"As Askero\u011flu Health Group, contact us and let us find the most suitable treatment for you. Contact now","breadcrumb":{"@id":"https:\/\/askerogluhealthgroup.com\/es\/contactenos\/#breadcrumb"},"inLanguage":"es","potentialAction":[{"@type":"ReadAction","target":["https:\/\/askerogluhealthgroup.com\/es\/contactenos\/"]}]},{"@type":"BreadcrumbList","@id":"https:\/\/askerogluhealthgroup.com\/es\/contactenos\/#breadcrumb","itemListElement":[{"@type":"ListItem","position":1,"name":"Anasayfa","item":"https:\/\/askerogluhealthgroup.com\/es\/"},{"@type":"ListItem","position":2,"name":"Cont\u00e1ctenos"}]},{"@type":"WebSite","@id":"https:\/\/askerogluhealthgroup.com\/#website","url":"https:\/\/askerogluhealthgroup.com\/","name":"Askeroglu Health Group","description":"","publisher":{"@id":"https:\/\/askerogluhealthgroup.com\/#organization"},"potentialAction":[{"@type":"SearchAction","target":{"@type":"EntryPoint","urlTemplate":"https:\/\/askerogluhealthgroup.com\/?s={search_term_string}"},"query-input":{"@type":"PropertyValueSpecification","valueRequired":true,"valueName":"search_term_string"}}],"inLanguage":"es"},{"@type":"Organization","@id":"https:\/\/askerogluhealthgroup.com\/#organization","name":"Askeroglu Health Group","url":"https:\/\/askerogluhealthgroup.com\/","logo":{"@type":"ImageObject","inLanguage":"es","@id":"https:\/\/askerogluhealthgroup.com\/#\/schema\/logo\/image\/","url":"https:\/\/bsyazilimworks.top\/wp-content\/uploads\/2024\/05\/logo-son3.png","contentUrl":"https:\/\/bsyazilimworks.top\/wp-content\/uploads\/2024\/05\/logo-son3.png","width":700,"height":153,"caption":"Askeroglu Health Group"},"image":{"@id":"https:\/\/askerogluhealthgroup.com\/#\/schema\/logo\/image\/"}}]}},"_links":{"self":[{"href":"https:\/\/askerogluhealthgroup.com\/es\/wp-json\/wp\/v2\/pages\/1286","targetHints":{"allow":["GET"]}}],"collection":[{"href":"https:\/\/askerogluhealthgroup.com\/es\/wp-json\/wp\/v2\/pages"}],"about":[{"href":"https:\/\/askerogluhealthgroup.com\/es\/wp-json\/wp\/v2\/types\/page"}],"author":[{"embeddable":true,"href":"https:\/\/askerogluhealthgroup.com\/es\/wp-json\/wp\/v2\/users\/1"}],"replies":[{"embeddable":true,"href":"https:\/\/askerogluhealthgroup.com\/es\/wp-json\/wp\/v2\/comments?post=1286"}],"version-history":[{"count":4,"href":"https:\/\/askerogluhealthgroup.com\/es\/wp-json\/wp\/v2\/pages\/1286\/revisions"}],"predecessor-version":[{"id":1404,"href":"https:\/\/askerogluhealthgroup.com\/es\/wp-json\/wp\/v2\/pages\/1286\/revisions\/1404"}],"wp:attachment":[{"href":"https:\/\/askerogluhealthgroup.com\/es\/wp-json\/wp\/v2\/media?parent=1286"}],"curies":[{"name":"wp","href":"https:\/\/api.w.org\/{rel}","templated":true}]}}