{"id":1355,"date":"2024-05-06T14:20:48","date_gmt":"2024-05-06T11:20:48","guid":{"rendered":"https:\/\/askerogluhealthgroup.com\/hydrafacial-skin-care\/"},"modified":"2024-05-10T14:10:19","modified_gmt":"2024-05-10T11:10:19","slug":"soins-de-la-peau-hydrafacial","status":"publish","type":"page","link":"https:\/\/askerogluhealthgroup.com\/es\/soins-de-la-peau-hydrafacial\/","title":{"rendered":"Soins de la peau HydraFacial"},"content":{"rendered":"[vc_row type=\u00bbin_container\u00bb full_screen_row_position=\u00bbmiddle\u00bb column_margin=\u00bbdefault\u00bb column_direction=\u00bbdefault\u00bb column_direction_tablet=\u00bbdefault\u00bb column_direction_phone=\u00bbdefault\u00bb scene_position=\u00bbcenter\u00bb top_padding=\u00bb3%\u00bb text_color=\u00bbdark\u00bb text_align=\u00bbleft\u00bb row_border_radius=\u00bbnone\u00bb row_border_radius_applies=\u00bbbg\u00bb overflow=\u00bbvisible\u00bb overlay_strength=\u00bb0.3&#8243; gradient_direction=\u00bbleft_to_right\u00bb shape_divider_position=\u00bbbottom\u00bb bg_image_animation=\u00bbnone\u00bb gradient_type=\u00bbdefault\u00bb shape_type=\u00bb\u00bb][vc_column column_padding=\u00bbno-extra-padding\u00bb column_padding_tablet=\u00bbinherit\u00bb column_padding_phone=\u00bbinherit\u00bb column_padding_position=\u00bball\u00bb column_element_direction_desktop=\u00bbdefault\u00bb column_element_spacing=\u00bbdefault\u00bb desktop_text_alignment=\u00bbdefault\u00bb tablet_text_alignment=\u00bbdefault\u00bb phone_text_alignment=\u00bbdefault\u00bb background_color_opacity=\u00bb1&#8243; background_hover_color_opacity=\u00bb1&#8243; column_backdrop_filter=\u00bbnone\u00bb column_shadow=\u00bbnone\u00bb column_border_radius=\u00bbnone\u00bb column_link_target=\u00bb_self\u00bb column_position=\u00bbdefault\u00bb gradient_direction=\u00bbleft_to_right\u00bb overlay_strength=\u00bb0.3&#8243; width=\u00bb1\/2&#8243; tablet_width_inherit=\u00bbdefault\u00bb animation_type=\u00bbdefault\u00bb bg_image_animation=\u00bbnone\u00bb border_type=\u00bbsimple\u00bb column_border_width=\u00bbnone\u00bb column_border_style=\u00bbsolid\u00bb][image_with_animation image_url=\u00bb391&#8243; image_size=\u00bbfull\u00bb animation_type=\u00bbentrance\u00bb animation=\u00bbNone\u00bb animation_movement_type=\u00bbtransform_y\u00bb hover_animation=\u00bbnone\u00bb alignment=\u00bb\u00bb border_radius=\u00bbnone\u00bb box_shadow=\u00bbnone\u00bb image_loading=\u00bbdefault\u00bb max_width=\u00bb100%\u00bb max_width_mobile=\u00bbdefault\u00bb][\/vc_column][vc_column column_padding=\u00bbpadding-3-percent\u00bb column_padding_tablet=\u00bbinherit\u00bb column_padding_phone=\u00bbinherit\u00bb column_padding_position=\u00bbtop\u00bb column_element_direction_desktop=\u00bbdefault\u00bb column_element_spacing=\u00bbdefault\u00bb desktop_text_alignment=\u00bbdefault\u00bb tablet_text_alignment=\u00bbdefault\u00bb phone_text_alignment=\u00bbdefault\u00bb background_color_opacity=\u00bb1&#8243; background_hover_color_opacity=\u00bb1&#8243; column_backdrop_filter=\u00bbnone\u00bb column_shadow=\u00bbnone\u00bb column_border_radius=\u00bbnone\u00bb column_link_target=\u00bb_self\u00bb column_position=\u00bbdefault\u00bb gradient_direction=\u00bbleft_to_right\u00bb overlay_strength=\u00bb0.3&#8243; width=\u00bb1\/2&#8243; tablet_width_inherit=\u00bbdefault\u00bb animation_type=\u00bbdefault\u00bb bg_image_animation=\u00bbnone\u00bb border_type=\u00bbsimple\u00bb column_border_width=\u00bbnone\u00bb column_border_style=\u00bbsolid\u00bb column_padding_type=\u00bbdefault\u00bb gradient_type=\u00bbdefault\u00bb][vc_column_text css=\u00bb\u00bb text_direction=\u00bbdefault\u00bb]\n<h1 class=\"ld-fh-element lqd-highlight-underline lqd-highlight-grow-left text-decoration-default\">Tratamiento HydraFacial: Una visi\u00f3n general<\/h1>\n<p>HydraFacial es un tratamiento cosm\u00e9tico popular que utiliza una tecnolog\u00eda patentada para limpiar, exfoliar e hidratar profundamente la piel. Es un tratamiento no invasivo e indoloro que ayuda a mejorar la apariencia de l\u00edneas finas, arrugas, acn\u00e9, hiperpigmentaci\u00f3n y otros problemas de la piel. En este art\u00edculo, exploraremos el tratamiento HydraFacial en detalle, incluyendo c\u00f3mo funciona y qu\u00e9 esperar durante y despu\u00e9s del tratamiento.<\/p>\n<h2>\u00bfC\u00f3mo funciona el tratamiento HydraFacial?<\/h2>\n<p>El tratamiento HydraFacial implica un proceso de cuatro pasos que combina limpieza, exfoliaci\u00f3n, hidrataci\u00f3n y protecci\u00f3n. Los cuatro pasos son:<\/p>\n<p>Limpieza y exfoliaci\u00f3n: El primer paso consiste en eliminar la suciedad, el aceite y las c\u00e9lulas muertas de la superficie de la piel con una soluci\u00f3n exfoliante suave.[\/vc_column_text][\/vc_column][\/vc_row][vc_row type=\u00bbin_container\u00bb full_screen_row_position=\u00bbmiddle\u00bb column_margin=\u00bbdefault\u00bb column_direction=\u00bbdefault\u00bb column_direction_tablet=\u00bbdefault\u00bb column_direction_phone=\u00bbdefault\u00bb scene_position=\u00bbcenter\u00bb top_padding=\u00bb3%\u00bb text_color=\u00bbdark\u00bb text_align=\u00bbleft\u00bb row_border_radius=\u00bbnone\u00bb row_border_radius_applies=\u00bbbg\u00bb overflow=\u00bbvisible\u00bb overlay_strength=\u00bb0.3&#8243; gradient_direction=\u00bbleft_to_right\u00bb shape_divider_position=\u00bbbottom\u00bb bg_image_animation=\u00bbnone\u00bb gradient_type=\u00bbdefault\u00bb shape_type=\u00bb\u00bb][vc_column column_padding=\u00bbpadding-5-percent\u00bb column_padding_tablet=\u00bbinherit\u00bb column_padding_phone=\u00bbinherit\u00bb column_padding_position=\u00bball\u00bb column_element_direction_desktop=\u00bbdefault\u00bb column_element_spacing=\u00bbdefault\u00bb desktop_text_alignment=\u00bbdefault\u00bb tablet_text_alignment=\u00bbdefault\u00bb phone_text_alignment=\u00bbdefault\u00bb background_color_opacity=\u00bb1&#8243; background_hover_color_opacity=\u00bb1&#8243; column_backdrop_filter=\u00bbnone\u00bb column_shadow=\u00bbnone\u00bb column_border_radius=\u00bbnone\u00bb column_link_target=\u00bb_self\u00bb column_position=\u00bbdefault\u00bb gradient_direction=\u00bbleft_to_right\u00bb overlay_strength=\u00bb0.3&#8243; width=\u00bb1\/2&#8243; tablet_width_inherit=\u00bbdefault\u00bb animation_type=\u00bbdefault\u00bb bg_image_animation=\u00bbnone\u00bb border_type=\u00bbsimple\u00bb column_border_width=\u00bbnone\u00bb column_border_style=\u00bbsolid\u00bb column_padding_type=\u00bbdefault\u00bb gradient_type=\u00bbdefault\u00bb][nectar_highlighted_text text_color=\u00bb#6b6b6b\u00bb scribble_color=\u00bb#deceb5&#8243; style=\u00bbscribble\u00bb scribble_shape=\u00bbsquiggle-underline\u00bb scribble_thickness=\u00bbregular\u00bb scribble_speed=\u00bb1.8s\u00bb scribble_easing=\u00bbease_in_out\u00bb text_direction=\u00bbdefault\u00bb custom_font_size=\u00bb3vw\u00bb]\n<h2>Contact<em>ez<\/em><\/h2>\n[\/nectar_highlighted_text][\/vc_column][vc_column column_padding=\u00bbno-extra-padding\u00bb column_padding_tablet=\u00bbinherit\u00bb column_padding_phone=\u00bbinherit\u00bb column_padding_position=\u00bball\u00bb column_element_direction_desktop=\u00bbdefault\u00bb column_element_spacing=\u00bbdefault\u00bb desktop_text_alignment=\u00bbdefault\u00bb tablet_text_alignment=\u00bbdefault\u00bb phone_text_alignment=\u00bbdefault\u00bb background_color_opacity=\u00bb1&#8243; background_hover_color_opacity=\u00bb1&#8243; column_backdrop_filter=\u00bbnone\u00bb column_shadow=\u00bbnone\u00bb column_border_radius=\u00bbnone\u00bb column_link_target=\u00bb_self\u00bb column_position=\u00bbdefault\u00bb gradient_direction=\u00bbleft_to_right\u00bb overlay_strength=\u00bb0.3&#8243; width=\u00bb1\/2&#8243; tablet_width_inherit=\u00bbdefault\u00bb animation_type=\u00bbdefault\u00bb bg_image_animation=\u00bbnone\u00bb border_type=\u00bbsimple\u00bb column_border_width=\u00bbnone\u00bb column_border_style=\u00bbsolid\u00bb]\n<div class=\"wpcf7 no-js\" id=\"wpcf7-f17-o1\" lang=\"tr-TR\" dir=\"ltr\" data-wpcf7-id=\"17\">\n<div class=\"screen-reader-response\"><p role=\"status\" aria-live=\"polite\" aria-atomic=\"true\"><\/p> <ul><\/ul><\/div>\n<form action=\"\/es\/wp-json\/wp\/v2\/pages\/1355#wpcf7-f17-o1\" method=\"post\" class=\"wpcf7-form init\" aria-label=\"\u0130leti\u015fim Formu\" novalidate=\"novalidate\" data-status=\"init\">\n<fieldset class=\"hidden-fields-container\"><input type=\"hidden\" name=\"_wpcf7\" value=\"17\" \/><input type=\"hidden\" name=\"_wpcf7_version\" value=\"6.1.5\" \/><input type=\"hidden\" name=\"_wpcf7_locale\" value=\"tr_TR\" \/><input type=\"hidden\" name=\"_wpcf7_unit_tag\" value=\"wpcf7-f17-o1\" \/><input type=\"hidden\" name=\"_wpcf7_container_post\" value=\"0\" \/><input type=\"hidden\" name=\"_wpcf7_posted_data_hash\" value=\"\" \/><input type=\"hidden\" name=\"_wpcf7_recaptcha_response\" value=\"\" \/>\n<\/fieldset>\n<div style=\"display:inline-flex; flex-wrap:wrap; gap:16px; color:#b1acaa;\">\n\t<div style=\"display:flex; gap:16px;\">\n\t\t<div style=\"width: 100%; \">\n\t\t\t<p><span class=\"wpcf7-form-control-wrap\" data-name=\"ad\"><input size=\"40\" maxlength=\"400\" class=\"wpcf7-form-control wpcf7-text wpcf7-validates-as-required\" autocomplete=\"name\" aria-required=\"true\" aria-invalid=\"false\" placeholder=\"Name\" value=\"\" type=\"text\" name=\"ad\" \/><\/span>\n\t\t\t<\/p>\n\t\t<\/div>\n\t\t<div style=\"width: 100%;\">\n\t\t\t<p><span class=\"wpcf7-form-control-wrap\" data-name=\"mail\"><input size=\"40\" maxlength=\"400\" class=\"wpcf7-form-control wpcf7-email wpcf7-validates-as-required wpcf7-text wpcf7-validates-as-email\" autocomplete=\"email\" aria-required=\"true\" aria-invalid=\"false\" placeholder=\"E-Mail\" value=\"\" type=\"email\" name=\"mail\" \/><\/span>\n\t\t\t<\/p>\n\t\t<\/div>\n\t<\/div>\n\t<div style=\"width: 100%;\">\n\t\t<p><span class=\"wpcf7-form-control-wrap tel-540\"><input type=\"hidden\" value=\"false\" class=\"check_validate\" name=\"tel-540_check\" \/><input class=\"wpcf7-form-control wpcf7-tel wpcf7-validates-as-required wpcf7-validates-as-tel\" aria-required=\"true\" aria-invalid=\"false\" placeholder=\"Phone Number\" value=\"\" type=\"tel\" name=\"tel-540_hide\" data-name=\"tel-540\"  data-pre=\"\" data-excludeCountries=\"\" data-onlyct=\"\" data-defcountry=\"tr\" data-auto=\"1\" data-validation=\"1\" \/><\/span>\n\t\t<\/p>\n\t<\/div>\n\t<div style=\"width: 100%;\">\n\t\t<p><span class=\"wpcf7-form-control-wrap\" data-name=\"menu-51\"><select class=\"wpcf7-form-control wpcf7-select wpcf7-validates-as-required\" aria-required=\"true\" aria-invalid=\"false\" name=\"menu-51\"><option value=\"\">What treatment are you interested in?<\/option><option value=\"Facial Aesthetics\">Facial Aesthetics<\/option><option value=\"Body Aesthetics\">Body Aesthetics<\/option><option value=\"Hair Transplantation\">Hair Transplantation<\/option><option value=\"Dental Treatment\">Dental Treatment<\/option><option value=\"Medical Aesthetics\">Medical Aesthetics<\/option><\/select><\/span>\n\t\t<\/p>\n\t<\/div>\n<span class=\"wpcf7-form-control-wrap recaptcha\" data-name=\"recaptcha\"><span data-sitekey=\"6LeyfQ0rAAAAAAFNNpHenVDVqpLlcRsW7KwtR9Kr\" class=\"wpcf7-form-control wpcf7-recaptcha g-recaptcha\"><\/span>\r\n<noscript>\r\n\t<div class=\"grecaptcha-noscript\">\r\n\t\t<iframe loading=\"lazy\" src=\"https:\/\/www.google.com\/recaptcha\/api\/fallback?k=6LeyfQ0rAAAAAAFNNpHenVDVqpLlcRsW7KwtR9Kr\" frameborder=\"0\" scrolling=\"no\" width=\"310\" height=\"430\">\r\n\t\t<\/iframe>\r\n\t\t<textarea name=\"g-recaptcha-response\" rows=\"3\" cols=\"40\" placeholder=\"reCaptcha Response Here\">\r\n\t\t<\/textarea>\r\n\t<\/div>\r\n<\/noscript>\r\n<\/span>\n\t<p><input class=\"wpcf7-form-control wpcf7-submit has-spinner\" type=\"submit\" value=\"Send\" \/>\n\t<\/p>\n<\/div><div class=\"wpcf7-response-output\" aria-hidden=\"true\"><\/div>\n<\/form>\n<\/div>\n[\/vc_column][\/vc_row][vc_row type=\u00bbin_container\u00bb full_screen_row_position=\u00bbmiddle\u00bb column_margin=\u00bbdefault\u00bb column_direction=\u00bbdefault\u00bb column_direction_tablet=\u00bbdefault\u00bb column_direction_phone=\u00bbdefault\u00bb scene_position=\u00bbcenter\u00bb text_color=\u00bbdark\u00bb text_align=\u00bbleft\u00bb row_border_radius=\u00bbnone\u00bb row_border_radius_applies=\u00bbbg\u00bb overflow=\u00bbvisible\u00bb overlay_strength=\u00bb0.3&#8243; gradient_direction=\u00bbleft_to_right\u00bb shape_divider_position=\u00bbbottom\u00bb bg_image_animation=\u00bbnone\u00bb][vc_column column_padding=\u00bbno-extra-padding\u00bb column_padding_tablet=\u00bbinherit\u00bb column_padding_phone=\u00bbinherit\u00bb column_padding_position=\u00bball\u00bb column_element_direction_desktop=\u00bbdefault\u00bb column_element_spacing=\u00bbdefault\u00bb desktop_text_alignment=\u00bbdefault\u00bb tablet_text_alignment=\u00bbdefault\u00bb phone_text_alignment=\u00bbdefault\u00bb background_color_opacity=\u00bb1&#8243; background_hover_color_opacity=\u00bb1&#8243; column_backdrop_filter=\u00bbnone\u00bb column_shadow=\u00bbnone\u00bb column_border_radius=\u00bbnone\u00bb column_link_target=\u00bb_self\u00bb column_position=\u00bbdefault\u00bb gradient_direction=\u00bbleft_to_right\u00bb overlay_strength=\u00bb0.3&#8243; width=\u00bb1\/1&#8243; tablet_width_inherit=\u00bbdefault\u00bb animation_type=\u00bbdefault\u00bb bg_image_animation=\u00bbnone\u00bb border_type=\u00bbsimple\u00bb column_border_width=\u00bbnone\u00bb column_border_style=\u00bbsolid\u00bb][vc_column_text css=\u00bb\u00bb text_direction=\u00bbdefault\u00bb]Peeling \u00e1cido: El segundo paso consiste en aplicar una exfoliaci\u00f3n \u00e1cida suave a la piel para eliminar a\u00fan m\u00e1s las impurezas y exfoliar la piel.<\/p>\n<p>Extracci\u00f3n: El tercer paso consiste en usar un dispositivo basado en vac\u00edo para eliminar puntos negros, puntos blancos y otras impurezas de la piel.<\/p>\n<p>Hidrataci\u00f3n y protecci\u00f3n: El paso final consiste en infundir la piel con un suero que contiene antioxidantes, p\u00e9ptidos y \u00e1cido hialur\u00f3nico para hidratar y proteger la piel.<\/p>\n<p>Todo el proceso es indoloro y tarda entre 30 y 45 minutos en completarse. Es adecuado para todo tipo de piel y se puede personalizar para satisfacer las necesidades espec\u00edficas de cada paciente individual.<\/p>\n<h3>\u00bfQu\u00e9 esperar durante y despu\u00e9s del tratamiento HydraFacial?<\/h3>\n<p>Durante el tratamiento HydraFacial, los pacientes suelen sentir una ligera sensaci\u00f3n de succi\u00f3n y una suave sensaci\u00f3n de hormigueo a medida que las diversas soluciones se aplican a la piel. Despu\u00e9s del tratamiento, los pacientes pueden esperar ver resultados inmediatos, incluyendo una piel m\u00e1s brillante, suave e hidratada. La piel tambi\u00e9n puede aparecer ligeramente roja o enrojecida, pero esto generalmente desaparece en unas pocas horas.<\/p>\n<p>No hay tiempo de inactividad asociado con el tratamiento HydraFacial, y los pacientes pueden reanudar sus actividades normales inmediatamente despu\u00e9s del tratamiento. Sin embargo, es importante evitar la luz solar directa y usar protector solar durante al menos una semana despu\u00e9s del tratamiento para proteger la piel.<\/p>\n<p>En conclusi\u00f3n, el tratamiento HydraFacial es una forma efectiva y no invasiva de limpiar, exfoliar e hidratar profundamente la piel. Es un tratamiento seguro e indoloro que produce resultados inmediatos y no tiene tiempo de inactividad. Si est\u00e1 interesado en mejorar la apariencia de su piel, el tratamiento HydraFacial puede ser la opci\u00f3n correcta para usted.[\/vc_column_text][\/vc_column][\/vc_row]\n","protected":false},"excerpt":{"rendered":"<p>[vc_row type=\u00bbin_container\u00bb full_screen_row_position=\u00bbmiddle\u00bb column_margin=\u00bbdefault\u00bb column_direction=\u00bbdefault\u00bb column_direction_tablet=\u00bbdefault\u00bb column_direction_phone=\u00bbdefault\u00bb scene_position=\u00bbcenter\u00bb top_padding=\u00bb3%\u00bb text_color=\u00bbdark\u00bb text_align=\u00bbleft\u00bb row_border_radius=\u00bbnone\u00bb row_border_radius_applies=\u00bbbg\u00bb overflow=\u00bbvisible\u00bb overlay_strength=\u00bb0.3&#8243; gradient_direction=\u00bbleft_to_right\u00bb shape_divider_position=\u00bbbottom\u00bb bg_image_animation=\u00bbnone\u00bb gradient_type=\u00bbdefault\u00bb shape_type=\u00bb\u00bb][vc_column column_padding=\u00bbno-extra-padding\u00bb column_padding_tablet=\u00bbinherit\u00bb column_padding_phone=\u00bbinherit\u00bb column_padding_position=\u00bball\u00bb column_element_direction_desktop=\u00bbdefault\u00bb column_element_spacing=\u00bbdefault\u00bb desktop_text_alignment=\u00bbdefault\u00bb tablet_text_alignment=\u00bbdefault\u00bb phone_text_alignment=\u00bbdefault\u00bb background_color_opacity=\u00bb1&#8243;&#8230;<\/p>\n","protected":false},"author":1,"featured_media":2041,"parent":0,"menu_order":0,"comment_status":"closed","ping_status":"closed","template":"","meta":{"_joinchat":[],"footnotes":""},"class_list":["post-1355","page","type-page","status-publish","has-post-thumbnail"],"yoast_head":"<!-- This site is optimized with the Yoast SEO plugin v27.4 - https:\/\/yoast.com\/product\/yoast-seo-wordpress\/ -->\n<title>Soins de la peau HydraFacial - Askeroglu Health Group<\/title>\n<meta name=\"description\" content=\"HydraFacial, known as anti-aging; It is applied in skin rejuvenation, acne and spot treatment. The method that cleans the skin deeply...\" \/>\n<meta name=\"robots\" content=\"index, follow, max-snippet:-1, max-image-preview:large, max-video-preview:-1\" \/>\n<link rel=\"canonical\" href=\"https:\/\/askerogluhealthgroup.com\/hydrafacial-skin-care\/\" \/>\n<meta property=\"og:locale\" content=\"es_ES\" \/>\n<meta property=\"og:type\" content=\"article\" \/>\n<meta property=\"og:title\" content=\"Soins de la peau HydraFacial - Askeroglu Health Group\" \/>\n<meta property=\"og:description\" content=\"HydraFacial, known as anti-aging; It is applied in skin rejuvenation, acne and spot treatment. The method that cleans the skin deeply...\" \/>\n<meta property=\"og:url\" content=\"https:\/\/askerogluhealthgroup.com\/hydrafacial-skin-care\/\" \/>\n<meta property=\"og:site_name\" content=\"Askeroglu Health Group\" \/>\n<meta property=\"article:modified_time\" content=\"2024-05-10T11:10:19+00:00\" \/>\n<meta name=\"twitter:card\" content=\"summary_large_image\" \/>\n<meta name=\"twitter:label1\" content=\"Tiempo de lectura\" \/>\n\t<meta name=\"twitter:data1\" content=\"3 minutos\" \/>\n<script type=\"application\/ld+json\" class=\"yoast-schema-graph\">{\"@context\":\"https:\\\/\\\/schema.org\",\"@graph\":[{\"@type\":\"WebPage\",\"@id\":\"https:\\\/\\\/askerogluhealthgroup.com\\\/hydrafacial-skin-care\\\/\",\"url\":\"https:\\\/\\\/askerogluhealthgroup.com\\\/hydrafacial-skin-care\\\/\",\"name\":\"Soins de la peau HydraFacial - Askeroglu Health Group\",\"isPartOf\":{\"@id\":\"https:\\\/\\\/askerogluhealthgroup.com\\\/#website\"},\"primaryImageOfPage\":{\"@id\":\"https:\\\/\\\/askerogluhealthgroup.com\\\/hydrafacial-skin-care\\\/#primaryimage\"},\"image\":{\"@id\":\"https:\\\/\\\/askerogluhealthgroup.com\\\/hydrafacial-skin-care\\\/#primaryimage\"},\"thumbnailUrl\":\"https:\\\/\\\/askerogluhealthgroup.com\\\/wp-content\\\/uploads\\\/2024\\\/05\\\/Screenshot-2024-05-14-172115.png\",\"datePublished\":\"2024-05-06T11:20:48+00:00\",\"dateModified\":\"2024-05-10T11:10:19+00:00\",\"description\":\"HydraFacial, known as anti-aging; It is applied in skin rejuvenation, acne and spot treatment. The method that cleans the skin deeply...\",\"breadcrumb\":{\"@id\":\"https:\\\/\\\/askerogluhealthgroup.com\\\/hydrafacial-skin-care\\\/#breadcrumb\"},\"inLanguage\":\"es\",\"potentialAction\":[{\"@type\":\"ReadAction\",\"target\":[\"https:\\\/\\\/askerogluhealthgroup.com\\\/hydrafacial-skin-care\\\/\"]}]},{\"@type\":\"ImageObject\",\"inLanguage\":\"es\",\"@id\":\"https:\\\/\\\/askerogluhealthgroup.com\\\/hydrafacial-skin-care\\\/#primaryimage\",\"url\":\"https:\\\/\\\/askerogluhealthgroup.com\\\/wp-content\\\/uploads\\\/2024\\\/05\\\/Screenshot-2024-05-14-172115.png\",\"contentUrl\":\"https:\\\/\\\/askerogluhealthgroup.com\\\/wp-content\\\/uploads\\\/2024\\\/05\\\/Screenshot-2024-05-14-172115.png\",\"width\":947,\"height\":855,\"caption\":\"HydraFacial Skin Care\"},{\"@type\":\"BreadcrumbList\",\"@id\":\"https:\\\/\\\/askerogluhealthgroup.com\\\/hydrafacial-skin-care\\\/#breadcrumb\",\"itemListElement\":[{\"@type\":\"ListItem\",\"position\":1,\"name\":\"Anasayfa\",\"item\":\"https:\\\/\\\/askerogluhealthgroup.com\\\/es\\\/\"},{\"@type\":\"ListItem\",\"position\":2,\"name\":\"Soins de la peau HydraFacial\"}]},{\"@type\":\"WebSite\",\"@id\":\"https:\\\/\\\/askerogluhealthgroup.com\\\/#website\",\"url\":\"https:\\\/\\\/askerogluhealthgroup.com\\\/\",\"name\":\"Askeroglu Health Group\",\"description\":\"\",\"publisher\":{\"@id\":\"https:\\\/\\\/askerogluhealthgroup.com\\\/#organization\"},\"potentialAction\":[{\"@type\":\"SearchAction\",\"target\":{\"@type\":\"EntryPoint\",\"urlTemplate\":\"https:\\\/\\\/askerogluhealthgroup.com\\\/?s={search_term_string}\"},\"query-input\":{\"@type\":\"PropertyValueSpecification\",\"valueRequired\":true,\"valueName\":\"search_term_string\"}}],\"inLanguage\":\"es\"},{\"@type\":\"Organization\",\"@id\":\"https:\\\/\\\/askerogluhealthgroup.com\\\/#organization\",\"name\":\"Askeroglu Health Group\",\"url\":\"https:\\\/\\\/askerogluhealthgroup.com\\\/\",\"logo\":{\"@type\":\"ImageObject\",\"inLanguage\":\"es\",\"@id\":\"https:\\\/\\\/askerogluhealthgroup.com\\\/#\\\/schema\\\/logo\\\/image\\\/\",\"url\":\"https:\\\/\\\/bsyazilimworks.top\\\/wp-content\\\/uploads\\\/2024\\\/05\\\/logo-son3.png\",\"contentUrl\":\"https:\\\/\\\/bsyazilimworks.top\\\/wp-content\\\/uploads\\\/2024\\\/05\\\/logo-son3.png\",\"width\":700,\"height\":153,\"caption\":\"Askeroglu Health Group\"},\"image\":{\"@id\":\"https:\\\/\\\/askerogluhealthgroup.com\\\/#\\\/schema\\\/logo\\\/image\\\/\"}}]}<\/script>\n<!-- \/ Yoast SEO plugin. -->","yoast_head_json":{"title":"Soins de la peau HydraFacial - Askeroglu Health Group","description":"HydraFacial, known as anti-aging; It is applied in skin rejuvenation, acne and spot treatment. The method that cleans the skin deeply...","robots":{"index":"index","follow":"follow","max-snippet":"max-snippet:-1","max-image-preview":"max-image-preview:large","max-video-preview":"max-video-preview:-1"},"canonical":"https:\/\/askerogluhealthgroup.com\/hydrafacial-skin-care\/","og_locale":"es_ES","og_type":"article","og_title":"Soins de la peau HydraFacial - Askeroglu Health Group","og_description":"HydraFacial, known as anti-aging; It is applied in skin rejuvenation, acne and spot treatment. The method that cleans the skin deeply...","og_url":"https:\/\/askerogluhealthgroup.com\/hydrafacial-skin-care\/","og_site_name":"Askeroglu Health Group","article_modified_time":"2024-05-10T11:10:19+00:00","twitter_card":"summary_large_image","twitter_misc":{"Tiempo de lectura":"3 minutos"},"schema":{"@context":"https:\/\/schema.org","@graph":[{"@type":"WebPage","@id":"https:\/\/askerogluhealthgroup.com\/hydrafacial-skin-care\/","url":"https:\/\/askerogluhealthgroup.com\/hydrafacial-skin-care\/","name":"Soins de la peau HydraFacial - Askeroglu Health Group","isPartOf":{"@id":"https:\/\/askerogluhealthgroup.com\/#website"},"primaryImageOfPage":{"@id":"https:\/\/askerogluhealthgroup.com\/hydrafacial-skin-care\/#primaryimage"},"image":{"@id":"https:\/\/askerogluhealthgroup.com\/hydrafacial-skin-care\/#primaryimage"},"thumbnailUrl":"https:\/\/askerogluhealthgroup.com\/wp-content\/uploads\/2024\/05\/Screenshot-2024-05-14-172115.png","datePublished":"2024-05-06T11:20:48+00:00","dateModified":"2024-05-10T11:10:19+00:00","description":"HydraFacial, known as anti-aging; It is applied in skin rejuvenation, acne and spot treatment. The method that cleans the skin deeply...","breadcrumb":{"@id":"https:\/\/askerogluhealthgroup.com\/hydrafacial-skin-care\/#breadcrumb"},"inLanguage":"es","potentialAction":[{"@type":"ReadAction","target":["https:\/\/askerogluhealthgroup.com\/hydrafacial-skin-care\/"]}]},{"@type":"ImageObject","inLanguage":"es","@id":"https:\/\/askerogluhealthgroup.com\/hydrafacial-skin-care\/#primaryimage","url":"https:\/\/askerogluhealthgroup.com\/wp-content\/uploads\/2024\/05\/Screenshot-2024-05-14-172115.png","contentUrl":"https:\/\/askerogluhealthgroup.com\/wp-content\/uploads\/2024\/05\/Screenshot-2024-05-14-172115.png","width":947,"height":855,"caption":"HydraFacial Skin Care"},{"@type":"BreadcrumbList","@id":"https:\/\/askerogluhealthgroup.com\/hydrafacial-skin-care\/#breadcrumb","itemListElement":[{"@type":"ListItem","position":1,"name":"Anasayfa","item":"https:\/\/askerogluhealthgroup.com\/es\/"},{"@type":"ListItem","position":2,"name":"Soins de la peau HydraFacial"}]},{"@type":"WebSite","@id":"https:\/\/askerogluhealthgroup.com\/#website","url":"https:\/\/askerogluhealthgroup.com\/","name":"Askeroglu Health Group","description":"","publisher":{"@id":"https:\/\/askerogluhealthgroup.com\/#organization"},"potentialAction":[{"@type":"SearchAction","target":{"@type":"EntryPoint","urlTemplate":"https:\/\/askerogluhealthgroup.com\/?s={search_term_string}"},"query-input":{"@type":"PropertyValueSpecification","valueRequired":true,"valueName":"search_term_string"}}],"inLanguage":"es"},{"@type":"Organization","@id":"https:\/\/askerogluhealthgroup.com\/#organization","name":"Askeroglu Health Group","url":"https:\/\/askerogluhealthgroup.com\/","logo":{"@type":"ImageObject","inLanguage":"es","@id":"https:\/\/askerogluhealthgroup.com\/#\/schema\/logo\/image\/","url":"https:\/\/bsyazilimworks.top\/wp-content\/uploads\/2024\/05\/logo-son3.png","contentUrl":"https:\/\/bsyazilimworks.top\/wp-content\/uploads\/2024\/05\/logo-son3.png","width":700,"height":153,"caption":"Askeroglu Health Group"},"image":{"@id":"https:\/\/askerogluhealthgroup.com\/#\/schema\/logo\/image\/"}}]}},"_links":{"self":[{"href":"https:\/\/askerogluhealthgroup.com\/es\/wp-json\/wp\/v2\/pages\/1355","targetHints":{"allow":["GET"]}}],"collection":[{"href":"https:\/\/askerogluhealthgroup.com\/es\/wp-json\/wp\/v2\/pages"}],"about":[{"href":"https:\/\/askerogluhealthgroup.com\/es\/wp-json\/wp\/v2\/types\/page"}],"author":[{"embeddable":true,"href":"https:\/\/askerogluhealthgroup.com\/es\/wp-json\/wp\/v2\/users\/1"}],"replies":[{"embeddable":true,"href":"https:\/\/askerogluhealthgroup.com\/es\/wp-json\/wp\/v2\/comments?post=1355"}],"version-history":[{"count":1,"href":"https:\/\/askerogluhealthgroup.com\/es\/wp-json\/wp\/v2\/pages\/1355\/revisions"}],"predecessor-version":[{"id":1356,"href":"https:\/\/askerogluhealthgroup.com\/es\/wp-json\/wp\/v2\/pages\/1355\/revisions\/1356"}],"wp:featuredmedia":[{"embeddable":true,"href":"https:\/\/askerogluhealthgroup.com\/es\/wp-json\/wp\/v2\/media\/2041"}],"wp:attachment":[{"href":"https:\/\/askerogluhealthgroup.com\/es\/wp-json\/wp\/v2\/media?parent=1355"}],"curies":[{"name":"wp","href":"https:\/\/api.w.org\/{rel}","templated":true}]}}