{"id":1211,"date":"2024-05-06T14:27:26","date_gmt":"2024-05-06T11:27:26","guid":{"rendered":"https:\/\/askerogluhealthgroup.com\/venus-legacy\/"},"modified":"2024-05-09T14:26:42","modified_gmt":"2024-05-09T11:26:42","slug":"venus-legacy-rinnovamento-del-corpo","status":"publish","type":"page","link":"https:\/\/askerogluhealthgroup.com\/it\/venus-legacy-rinnovamento-del-corpo\/","title":{"rendered":"Venus Legacy : Rinnovamento del corpo"},"content":{"rendered":"[vc_row type=&#8221;in_container&#8221; full_screen_row_position=&#8221;middle&#8221; column_margin=&#8221;default&#8221; column_direction=&#8221;default&#8221; column_direction_tablet=&#8221;default&#8221; column_direction_phone=&#8221;default&#8221; scene_position=&#8221;center&#8221; top_padding=&#8221;3%&#8221; text_color=&#8221;dark&#8221; text_align=&#8221;left&#8221; row_border_radius=&#8221;none&#8221; row_border_radius_applies=&#8221;bg&#8221; overflow=&#8221;visible&#8221; overlay_strength=&#8221;0.3&#8243; gradient_direction=&#8221;left_to_right&#8221; shape_divider_position=&#8221;bottom&#8221; bg_image_animation=&#8221;none&#8221; gradient_type=&#8221;default&#8221; shape_type=&#8221;&#8221;][vc_column column_padding=&#8221;no-extra-padding&#8221; column_padding_tablet=&#8221;inherit&#8221; column_padding_phone=&#8221;inherit&#8221; column_padding_position=&#8221;all&#8221; column_element_direction_desktop=&#8221;default&#8221; column_element_spacing=&#8221;default&#8221; desktop_text_alignment=&#8221;default&#8221; tablet_text_alignment=&#8221;default&#8221; phone_text_alignment=&#8221;default&#8221; background_color_opacity=&#8221;1&#8243; background_hover_color_opacity=&#8221;1&#8243; column_backdrop_filter=&#8221;none&#8221; column_shadow=&#8221;none&#8221; column_border_radius=&#8221;none&#8221; column_link_target=&#8221;_self&#8221; column_position=&#8221;default&#8221; gradient_direction=&#8221;left_to_right&#8221; overlay_strength=&#8221;0.3&#8243; width=&#8221;1\/2&#8243; tablet_width_inherit=&#8221;default&#8221; animation_type=&#8221;default&#8221; bg_image_animation=&#8221;none&#8221; border_type=&#8221;simple&#8221; column_border_width=&#8221;none&#8221; column_border_style=&#8221;solid&#8221;][image_with_animation image_url=&#8221;400&#8243; image_size=&#8221;full&#8221; animation_type=&#8221;entrance&#8221; animation=&#8221;None&#8221; animation_movement_type=&#8221;transform_y&#8221; hover_animation=&#8221;none&#8221; alignment=&#8221;&#8221; border_radius=&#8221;none&#8221; box_shadow=&#8221;none&#8221; image_loading=&#8221;default&#8221; max_width=&#8221;100%&#8221; max_width_mobile=&#8221;default&#8221;][\/vc_column][vc_column column_padding=&#8221;padding-3-percent&#8221; column_padding_tablet=&#8221;inherit&#8221; column_padding_phone=&#8221;inherit&#8221; column_padding_position=&#8221;top&#8221; column_element_direction_desktop=&#8221;default&#8221; column_element_spacing=&#8221;default&#8221; desktop_text_alignment=&#8221;default&#8221; tablet_text_alignment=&#8221;default&#8221; phone_text_alignment=&#8221;default&#8221; background_color_opacity=&#8221;1&#8243; background_hover_color_opacity=&#8221;1&#8243; column_backdrop_filter=&#8221;none&#8221; column_shadow=&#8221;none&#8221; column_border_radius=&#8221;none&#8221; column_link_target=&#8221;_self&#8221; column_position=&#8221;default&#8221; gradient_direction=&#8221;left_to_right&#8221; overlay_strength=&#8221;0.3&#8243; width=&#8221;1\/2&#8243; tablet_width_inherit=&#8221;default&#8221; animation_type=&#8221;default&#8221; bg_image_animation=&#8221;none&#8221; border_type=&#8221;simple&#8221; column_border_width=&#8221;none&#8221; column_border_style=&#8221;solid&#8221; column_padding_type=&#8221;default&#8221; gradient_type=&#8221;default&#8221;][vc_column_text css=&#8221;&#8221; text_direction=&#8221;default&#8221;]\n<h1>Venus Legacy : Rinnovamento del corpo<\/h1>\n<p class=\"ld-fh-element lqd-highlight-underline lqd-highlight-grow-left text-decoration-default\">Venus Legacy \u00e8 un trattamento non chirurgico e non invasivo per il rassodamento della pelle e il modellamento del corpo che utilizza una tecnologia avanzata a radiofrequenza per migliorare l\u2019elasticit\u00e0 della pelle, ridurre la cellulite e modellare il corpo. Questa tecnologia innovativa \u00e8 sicura, efficace e adatta a tutti i tipi di pelle.<\/p>\n<h3>Come funziona Venus Legacy?<\/h3>\n<p>Venus Legacy utilizza una combinazione di radiofrequenza multipolare e campi elettromagnetici pulsati per riscaldare gli strati pi\u00f9 profondi della pelle, stimolando la produzione di collagene ed elastina. Il calore aumenta anche la circolazione sanguigna, portando a un miglioramento del tono e della consistenza della pelle.<\/p>\n<p>Il trattamento viene eseguito utilizzando un dispositivo portatile che viene spostato sulla pelle con movimenti circolari. Il dispositivo fornisce energia a radiofrequenza alle aree mirate, riscaldando gradualmente la pelle e fornendo un\u2019esperienza di trattamento confortevole. Il trattamento \u00e8 indolore e i pazienti possono tornare alle loro attivit\u00e0 quotidiane immediatamente dopo la procedura.[\/vc_column_text][\/vc_column][\/vc_row][vc_row type=&#8221;in_container&#8221; full_screen_row_position=&#8221;middle&#8221; column_margin=&#8221;default&#8221; column_direction=&#8221;default&#8221; column_direction_tablet=&#8221;default&#8221; column_direction_phone=&#8221;default&#8221; scene_position=&#8221;center&#8221; top_padding=&#8221;3%&#8221; text_color=&#8221;dark&#8221; text_align=&#8221;left&#8221; row_border_radius=&#8221;none&#8221; row_border_radius_applies=&#8221;bg&#8221; overflow=&#8221;visible&#8221; overlay_strength=&#8221;0.3&#8243; gradient_direction=&#8221;left_to_right&#8221; shape_divider_position=&#8221;bottom&#8221; bg_image_animation=&#8221;none&#8221; gradient_type=&#8221;default&#8221; shape_type=&#8221;&#8221;][vc_column column_padding=&#8221;padding-5-percent&#8221; column_padding_tablet=&#8221;inherit&#8221; column_padding_phone=&#8221;inherit&#8221; column_padding_position=&#8221;all&#8221; column_element_direction_desktop=&#8221;default&#8221; column_element_spacing=&#8221;default&#8221; desktop_text_alignment=&#8221;default&#8221; tablet_text_alignment=&#8221;default&#8221; phone_text_alignment=&#8221;default&#8221; background_color_opacity=&#8221;1&#8243; background_hover_color_opacity=&#8221;1&#8243; column_backdrop_filter=&#8221;none&#8221; column_shadow=&#8221;none&#8221; column_border_radius=&#8221;none&#8221; column_link_target=&#8221;_self&#8221; column_position=&#8221;default&#8221; gradient_direction=&#8221;left_to_right&#8221; overlay_strength=&#8221;0.3&#8243; width=&#8221;1\/2&#8243; tablet_width_inherit=&#8221;default&#8221; animation_type=&#8221;default&#8221; bg_image_animation=&#8221;none&#8221; border_type=&#8221;simple&#8221; column_border_width=&#8221;none&#8221; column_border_style=&#8221;solid&#8221; column_padding_type=&#8221;default&#8221; gradient_type=&#8221;default&#8221;][nectar_highlighted_text text_color=&#8221;#6b6b6b&#8221; scribble_color=&#8221;#deceb5&#8243; style=&#8221;scribble&#8221; scribble_shape=&#8221;squiggle-underline&#8221; scribble_thickness=&#8221;regular&#8221; scribble_speed=&#8221;1.8s&#8221; scribble_easing=&#8221;ease_in_out&#8221; text_direction=&#8221;default&#8221; custom_font_size=&#8221;3vw&#8221;]\n<h2>Contact<em>er<\/em><\/h2>\n[\/nectar_highlighted_text][\/vc_column][vc_column column_padding=&#8221;no-extra-padding&#8221; column_padding_tablet=&#8221;inherit&#8221; column_padding_phone=&#8221;inherit&#8221; column_padding_position=&#8221;all&#8221; column_element_direction_desktop=&#8221;default&#8221; column_element_spacing=&#8221;default&#8221; desktop_text_alignment=&#8221;default&#8221; tablet_text_alignment=&#8221;default&#8221; phone_text_alignment=&#8221;default&#8221; background_color_opacity=&#8221;1&#8243; background_hover_color_opacity=&#8221;1&#8243; column_backdrop_filter=&#8221;none&#8221; column_shadow=&#8221;none&#8221; column_border_radius=&#8221;none&#8221; column_link_target=&#8221;_self&#8221; column_position=&#8221;default&#8221; gradient_direction=&#8221;left_to_right&#8221; overlay_strength=&#8221;0.3&#8243; width=&#8221;1\/2&#8243; tablet_width_inherit=&#8221;default&#8221; animation_type=&#8221;default&#8221; bg_image_animation=&#8221;none&#8221; border_type=&#8221;simple&#8221; column_border_width=&#8221;none&#8221; column_border_style=&#8221;solid&#8221;]\n<div class=\"wpcf7 no-js\" id=\"wpcf7-f17-o1\" lang=\"tr-TR\" dir=\"ltr\" data-wpcf7-id=\"17\">\n<div class=\"screen-reader-response\"><p role=\"status\" aria-live=\"polite\" aria-atomic=\"true\"><\/p> <ul><\/ul><\/div>\n<form action=\"\/it\/wp-json\/wp\/v2\/pages\/1211#wpcf7-f17-o1\" method=\"post\" class=\"wpcf7-form init\" aria-label=\"\u0130leti\u015fim Formu\" novalidate=\"novalidate\" data-status=\"init\">\n<fieldset class=\"hidden-fields-container\"><input type=\"hidden\" name=\"_wpcf7\" value=\"17\" \/><input type=\"hidden\" name=\"_wpcf7_version\" value=\"6.1.5\" \/><input type=\"hidden\" name=\"_wpcf7_locale\" value=\"tr_TR\" \/><input type=\"hidden\" name=\"_wpcf7_unit_tag\" value=\"wpcf7-f17-o1\" \/><input type=\"hidden\" name=\"_wpcf7_container_post\" value=\"0\" \/><input type=\"hidden\" name=\"_wpcf7_posted_data_hash\" value=\"\" \/><input type=\"hidden\" name=\"_wpcf7_recaptcha_response\" value=\"\" \/>\n<\/fieldset>\n<div style=\"display:inline-flex; flex-wrap:wrap; gap:16px; color:#b1acaa;\">\n\t<div style=\"display:flex; gap:16px;\">\n\t\t<div style=\"width: 100%; \">\n\t\t\t<p><span class=\"wpcf7-form-control-wrap\" data-name=\"ad\"><input size=\"40\" maxlength=\"400\" class=\"wpcf7-form-control wpcf7-text wpcf7-validates-as-required\" autocomplete=\"name\" aria-required=\"true\" aria-invalid=\"false\" placeholder=\"Name\" value=\"\" type=\"text\" name=\"ad\" \/><\/span>\n\t\t\t<\/p>\n\t\t<\/div>\n\t\t<div style=\"width: 100%;\">\n\t\t\t<p><span class=\"wpcf7-form-control-wrap\" data-name=\"mail\"><input size=\"40\" maxlength=\"400\" class=\"wpcf7-form-control wpcf7-email wpcf7-validates-as-required wpcf7-text wpcf7-validates-as-email\" autocomplete=\"email\" aria-required=\"true\" aria-invalid=\"false\" placeholder=\"E-Mail\" value=\"\" type=\"email\" name=\"mail\" \/><\/span>\n\t\t\t<\/p>\n\t\t<\/div>\n\t<\/div>\n\t<div style=\"width: 100%;\">\n\t\t<p><span class=\"wpcf7-form-control-wrap tel-540\"><input type=\"hidden\" value=\"false\" class=\"check_validate\" name=\"tel-540_check\" \/><input class=\"wpcf7-form-control wpcf7-tel wpcf7-validates-as-required wpcf7-validates-as-tel\" aria-required=\"true\" aria-invalid=\"false\" placeholder=\"Phone Number\" value=\"\" type=\"tel\" name=\"tel-540_hide\" data-name=\"tel-540\"  data-pre=\"\" data-excludeCountries=\"\" data-onlyct=\"\" data-defcountry=\"tr\" data-auto=\"1\" data-validation=\"1\" \/><\/span>\n\t\t<\/p>\n\t<\/div>\n\t<div style=\"width: 100%;\">\n\t\t<p><span class=\"wpcf7-form-control-wrap\" data-name=\"menu-51\"><select class=\"wpcf7-form-control wpcf7-select wpcf7-validates-as-required\" aria-required=\"true\" aria-invalid=\"false\" name=\"menu-51\"><option value=\"\">What treatment are you interested in?<\/option><option value=\"Facial Aesthetics\">Facial Aesthetics<\/option><option value=\"Body Aesthetics\">Body Aesthetics<\/option><option value=\"Hair Transplantation\">Hair Transplantation<\/option><option value=\"Dental Treatment\">Dental Treatment<\/option><option value=\"Medical Aesthetics\">Medical Aesthetics<\/option><\/select><\/span>\n\t\t<\/p>\n\t<\/div>\n<span class=\"wpcf7-form-control-wrap recaptcha\" data-name=\"recaptcha\"><span data-sitekey=\"6LeyfQ0rAAAAAAFNNpHenVDVqpLlcRsW7KwtR9Kr\" class=\"wpcf7-form-control wpcf7-recaptcha g-recaptcha\"><\/span>\r\n<noscript>\r\n\t<div class=\"grecaptcha-noscript\">\r\n\t\t<iframe loading=\"lazy\" src=\"https:\/\/www.google.com\/recaptcha\/api\/fallback?k=6LeyfQ0rAAAAAAFNNpHenVDVqpLlcRsW7KwtR9Kr\" frameborder=\"0\" scrolling=\"no\" width=\"310\" height=\"430\">\r\n\t\t<\/iframe>\r\n\t\t<textarea name=\"g-recaptcha-response\" rows=\"3\" cols=\"40\" placeholder=\"reCaptcha Response Here\">\r\n\t\t<\/textarea>\r\n\t<\/div>\r\n<\/noscript>\r\n<\/span>\n\t<p><input class=\"wpcf7-form-control wpcf7-submit has-spinner\" type=\"submit\" value=\"Send\" \/>\n\t<\/p>\n<\/div><div class=\"wpcf7-response-output\" aria-hidden=\"true\"><\/div>\n<\/form>\n<\/div>\n[\/vc_column][\/vc_row][vc_row type=&#8221;in_container&#8221; full_screen_row_position=&#8221;middle&#8221; column_margin=&#8221;default&#8221; column_direction=&#8221;default&#8221; column_direction_tablet=&#8221;default&#8221; column_direction_phone=&#8221;default&#8221; scene_position=&#8221;center&#8221; text_color=&#8221;dark&#8221; text_align=&#8221;left&#8221; row_border_radius=&#8221;none&#8221; row_border_radius_applies=&#8221;bg&#8221; overflow=&#8221;visible&#8221; overlay_strength=&#8221;0.3&#8243; gradient_direction=&#8221;left_to_right&#8221; shape_divider_position=&#8221;bottom&#8221; bg_image_animation=&#8221;none&#8221;][vc_column column_padding=&#8221;no-extra-padding&#8221; column_padding_tablet=&#8221;inherit&#8221; column_padding_phone=&#8221;inherit&#8221; column_padding_position=&#8221;all&#8221; column_element_direction_desktop=&#8221;default&#8221; column_element_spacing=&#8221;default&#8221; desktop_text_alignment=&#8221;default&#8221; tablet_text_alignment=&#8221;default&#8221; phone_text_alignment=&#8221;default&#8221; background_color_opacity=&#8221;1&#8243; background_hover_color_opacity=&#8221;1&#8243; column_backdrop_filter=&#8221;none&#8221; column_shadow=&#8221;none&#8221; column_border_radius=&#8221;none&#8221; column_link_target=&#8221;_self&#8221; column_position=&#8221;default&#8221; gradient_direction=&#8221;left_to_right&#8221; overlay_strength=&#8221;0.3&#8243; width=&#8221;1\/1&#8243; tablet_width_inherit=&#8221;default&#8221; animation_type=&#8221;default&#8221; bg_image_animation=&#8221;none&#8221; border_type=&#8221;simple&#8221; column_border_width=&#8221;none&#8221; column_border_style=&#8221;solid&#8221;][vc_column_text css=&#8221;&#8221; text_direction=&#8221;default&#8221;]\n<h3>Quali sono i vantaggi di Venus Legacy?<\/h3>\n<p>Venus Legacy offre numerosi vantaggi per i pazienti, tra cui:<\/p>\n<p>Rassodamento della pelle: Il trattamento migliora l\u2019elasticit\u00e0 e la tensione della pelle, riducendo la comparsa di linee sottili e rughe.<\/p>\n<p>Body Contouring: Venus Legacy riduce l\u2019aspetto della cellulite e contorna il corpo, fornendo un aspetto pi\u00f9 scolpito e tonico.<\/p>\n<p>Non invasivo: il trattamento non \u00e8 invasivo e non richiede tempi di inattivit\u00e0, rendendolo un\u2019opzione ideale per le persone con stili di vita frenetici.<\/p>\n<p>Sicuro ed efficace: Venus Legacy \u00e8 un trattamento sicuro ed efficace, adatto a tutti i tipi di pelle.<\/p>\n<p>Personalizzabile: il trattamento \u00e8 personalizzabile, consentendo al dermatologo di adattare il trattamento alle specifiche preoccupazioni e esigenze della pelle del paziente.<\/p>\n<p>Risultati duraturi: Venus Legacy fornisce risultati duraturi, con i pazienti che segnalano un miglioramento della struttura della pelle e del rimodellamento del corpo dopo poche sessioni.<\/p>\n<h3>Chi \u00e8 un buon candidato per Venus Legacy?<\/h3>\n<p>Venus Legacy \u00e8 adatto a chiunque voglia migliorare l\u2019elasticit\u00e0 della pelle, ridurre la cellulite e modellare il proprio corpo senza sottoporsi a intervento chirurgico. Il trattamento \u00e8 sicuro ed efficace per tutti i tipi di pelle e pu\u00f2 essere eseguito su tutte le aree del corpo, tra cui viso, collo, braccia, addome, glutei e cosce. Tuttavia, \u00e8 essenziale consultare un dermatologo per determinare se Venus Legacy \u00e8 l\u2019opzione migliore per i tuoi problemi e le tue esigenze specifiche della pelle.[\/vc_column_text][\/vc_column][\/vc_row]\n","protected":false},"excerpt":{"rendered":"<p>[vc_row type=&#8221;in_container&#8221; full_screen_row_position=&#8221;middle&#8221; column_margin=&#8221;default&#8221; column_direction=&#8221;default&#8221; column_direction_tablet=&#8221;default&#8221; column_direction_phone=&#8221;default&#8221; scene_position=&#8221;center&#8221; top_padding=&#8221;3%&#8221; text_color=&#8221;dark&#8221; text_align=&#8221;left&#8221; row_border_radius=&#8221;none&#8221; row_border_radius_applies=&#8221;bg&#8221; overflow=&#8221;visible&#8221; overlay_strength=&#8221;0.3&#8243; gradient_direction=&#8221;left_to_right&#8221; shape_divider_position=&#8221;bottom&#8221; bg_image_animation=&#8221;none&#8221; gradient_type=&#8221;default&#8221; shape_type=&#8221;&#8221;][vc_column column_padding=&#8221;no-extra-padding&#8221; column_padding_tablet=&#8221;inherit&#8221; column_padding_phone=&#8221;inherit&#8221; column_padding_position=&#8221;all&#8221; column_element_direction_desktop=&#8221;default&#8221; column_element_spacing=&#8221;default&#8221; desktop_text_alignment=&#8221;default&#8221; tablet_text_alignment=&#8221;default&#8221; phone_text_alignment=&#8221;default&#8221; background_color_opacity=&#8221;1&#8243;&#8230;<\/p>\n","protected":false},"author":1,"featured_media":1536,"parent":0,"menu_order":0,"comment_status":"closed","ping_status":"closed","template":"","meta":{"_joinchat":[],"footnotes":""},"class_list":["post-1211","page","type-page","status-publish","has-post-thumbnail"],"yoast_head":"<!-- This site is optimized with the Yoast SEO plugin v27.5 - https:\/\/yoast.com\/product\/yoast-seo-wordpress\/ -->\n<title>Venus Legacy : Rinnovamento del corpo - Askeroglu Health Group<\/title>\n<meta name=\"description\" content=\"Venus Legacy, which can be applied to many areas of the skin, allows skin tightening and recovery, facial collagen increase, softening fine..\" \/>\n<meta name=\"robots\" content=\"index, follow, max-snippet:-1, max-image-preview:large, max-video-preview:-1\" \/>\n<link rel=\"canonical\" href=\"https:\/\/askerogluhealthgroup.com\/venus-legacy\/\" \/>\n<meta property=\"og:locale\" content=\"it_IT\" \/>\n<meta property=\"og:type\" content=\"article\" \/>\n<meta property=\"og:title\" content=\"Venus Legacy : Rinnovamento del corpo - Askeroglu Health Group\" \/>\n<meta property=\"og:description\" content=\"Venus Legacy, which can be applied to many areas of the skin, allows skin tightening and recovery, facial collagen increase, softening fine..\" \/>\n<meta property=\"og:url\" content=\"https:\/\/askerogluhealthgroup.com\/venus-legacy\/\" \/>\n<meta property=\"og:site_name\" content=\"Askeroglu Health Group\" \/>\n<meta property=\"article:modified_time\" content=\"2024-05-09T11:26:42+00:00\" \/>\n<meta name=\"twitter:card\" content=\"summary_large_image\" \/>\n<meta name=\"twitter:label1\" content=\"Tempo di lettura stimato\" \/>\n\t<meta name=\"twitter:data1\" content=\"3 minuti\" \/>\n<script type=\"application\/ld+json\" class=\"yoast-schema-graph\">{\"@context\":\"https:\\\/\\\/schema.org\",\"@graph\":[{\"@type\":\"WebPage\",\"@id\":\"https:\\\/\\\/askerogluhealthgroup.com\\\/venus-legacy\\\/\",\"url\":\"https:\\\/\\\/askerogluhealthgroup.com\\\/venus-legacy\\\/\",\"name\":\"Venus Legacy : Rinnovamento del corpo - Askeroglu Health Group\",\"isPartOf\":{\"@id\":\"https:\\\/\\\/askerogluhealthgroup.com\\\/#website\"},\"primaryImageOfPage\":{\"@id\":\"https:\\\/\\\/askerogluhealthgroup.com\\\/venus-legacy\\\/#primaryimage\"},\"image\":{\"@id\":\"https:\\\/\\\/askerogluhealthgroup.com\\\/venus-legacy\\\/#primaryimage\"},\"thumbnailUrl\":\"https:\\\/\\\/askerogluhealthgroup.com\\\/wp-content\\\/uploads\\\/2024\\\/05\\\/Screenshot-2024-05-14-115146.png\",\"datePublished\":\"2024-05-06T11:27:26+00:00\",\"dateModified\":\"2024-05-09T11:26:42+00:00\",\"description\":\"Venus Legacy, which can be applied to many areas of the skin, allows skin tightening and recovery, facial collagen increase, softening fine..\",\"breadcrumb\":{\"@id\":\"https:\\\/\\\/askerogluhealthgroup.com\\\/venus-legacy\\\/#breadcrumb\"},\"inLanguage\":\"it-IT\",\"potentialAction\":[{\"@type\":\"ReadAction\",\"target\":[\"https:\\\/\\\/askerogluhealthgroup.com\\\/venus-legacy\\\/\"]}]},{\"@type\":\"ImageObject\",\"inLanguage\":\"it-IT\",\"@id\":\"https:\\\/\\\/askerogluhealthgroup.com\\\/venus-legacy\\\/#primaryimage\",\"url\":\"https:\\\/\\\/askerogluhealthgroup.com\\\/wp-content\\\/uploads\\\/2024\\\/05\\\/Screenshot-2024-05-14-115146.png\",\"contentUrl\":\"https:\\\/\\\/askerogluhealthgroup.com\\\/wp-content\\\/uploads\\\/2024\\\/05\\\/Screenshot-2024-05-14-115146.png\",\"width\":967,\"height\":854,\"caption\":\"Venus Legacy Turkey\"},{\"@type\":\"BreadcrumbList\",\"@id\":\"https:\\\/\\\/askerogluhealthgroup.com\\\/venus-legacy\\\/#breadcrumb\",\"itemListElement\":[{\"@type\":\"ListItem\",\"position\":1,\"name\":\"Anasayfa\",\"item\":\"https:\\\/\\\/askerogluhealthgroup.com\\\/it\\\/\"},{\"@type\":\"ListItem\",\"position\":2,\"name\":\"Venus Legacy : Rinnovamento del corpo\"}]},{\"@type\":\"WebSite\",\"@id\":\"https:\\\/\\\/askerogluhealthgroup.com\\\/#website\",\"url\":\"https:\\\/\\\/askerogluhealthgroup.com\\\/\",\"name\":\"Askeroglu Health Group\",\"description\":\"\",\"publisher\":{\"@id\":\"https:\\\/\\\/askerogluhealthgroup.com\\\/#organization\"},\"potentialAction\":[{\"@type\":\"SearchAction\",\"target\":{\"@type\":\"EntryPoint\",\"urlTemplate\":\"https:\\\/\\\/askerogluhealthgroup.com\\\/?s={search_term_string}\"},\"query-input\":{\"@type\":\"PropertyValueSpecification\",\"valueRequired\":true,\"valueName\":\"search_term_string\"}}],\"inLanguage\":\"it-IT\"},{\"@type\":\"Organization\",\"@id\":\"https:\\\/\\\/askerogluhealthgroup.com\\\/#organization\",\"name\":\"Askeroglu Health Group\",\"url\":\"https:\\\/\\\/askerogluhealthgroup.com\\\/\",\"logo\":{\"@type\":\"ImageObject\",\"inLanguage\":\"it-IT\",\"@id\":\"https:\\\/\\\/askerogluhealthgroup.com\\\/#\\\/schema\\\/logo\\\/image\\\/\",\"url\":\"https:\\\/\\\/bsyazilimworks.top\\\/wp-content\\\/uploads\\\/2024\\\/05\\\/logo-son3.png\",\"contentUrl\":\"https:\\\/\\\/bsyazilimworks.top\\\/wp-content\\\/uploads\\\/2024\\\/05\\\/logo-son3.png\",\"width\":700,\"height\":153,\"caption\":\"Askeroglu Health Group\"},\"image\":{\"@id\":\"https:\\\/\\\/askerogluhealthgroup.com\\\/#\\\/schema\\\/logo\\\/image\\\/\"}}]}<\/script>\n<!-- \/ Yoast SEO plugin. -->","yoast_head_json":{"title":"Venus Legacy : Rinnovamento del corpo - Askeroglu Health Group","description":"Venus Legacy, which can be applied to many areas of the skin, allows skin tightening and recovery, facial collagen increase, softening fine..","robots":{"index":"index","follow":"follow","max-snippet":"max-snippet:-1","max-image-preview":"max-image-preview:large","max-video-preview":"max-video-preview:-1"},"canonical":"https:\/\/askerogluhealthgroup.com\/venus-legacy\/","og_locale":"it_IT","og_type":"article","og_title":"Venus Legacy : Rinnovamento del corpo - Askeroglu Health Group","og_description":"Venus Legacy, which can be applied to many areas of the skin, allows skin tightening and recovery, facial collagen increase, softening fine..","og_url":"https:\/\/askerogluhealthgroup.com\/venus-legacy\/","og_site_name":"Askeroglu Health Group","article_modified_time":"2024-05-09T11:26:42+00:00","twitter_card":"summary_large_image","twitter_misc":{"Tempo di lettura stimato":"3 minuti"},"schema":{"@context":"https:\/\/schema.org","@graph":[{"@type":"WebPage","@id":"https:\/\/askerogluhealthgroup.com\/venus-legacy\/","url":"https:\/\/askerogluhealthgroup.com\/venus-legacy\/","name":"Venus Legacy : Rinnovamento del corpo - Askeroglu Health Group","isPartOf":{"@id":"https:\/\/askerogluhealthgroup.com\/#website"},"primaryImageOfPage":{"@id":"https:\/\/askerogluhealthgroup.com\/venus-legacy\/#primaryimage"},"image":{"@id":"https:\/\/askerogluhealthgroup.com\/venus-legacy\/#primaryimage"},"thumbnailUrl":"https:\/\/askerogluhealthgroup.com\/wp-content\/uploads\/2024\/05\/Screenshot-2024-05-14-115146.png","datePublished":"2024-05-06T11:27:26+00:00","dateModified":"2024-05-09T11:26:42+00:00","description":"Venus Legacy, which can be applied to many areas of the skin, allows skin tightening and recovery, facial collagen increase, softening fine..","breadcrumb":{"@id":"https:\/\/askerogluhealthgroup.com\/venus-legacy\/#breadcrumb"},"inLanguage":"it-IT","potentialAction":[{"@type":"ReadAction","target":["https:\/\/askerogluhealthgroup.com\/venus-legacy\/"]}]},{"@type":"ImageObject","inLanguage":"it-IT","@id":"https:\/\/askerogluhealthgroup.com\/venus-legacy\/#primaryimage","url":"https:\/\/askerogluhealthgroup.com\/wp-content\/uploads\/2024\/05\/Screenshot-2024-05-14-115146.png","contentUrl":"https:\/\/askerogluhealthgroup.com\/wp-content\/uploads\/2024\/05\/Screenshot-2024-05-14-115146.png","width":967,"height":854,"caption":"Venus Legacy Turkey"},{"@type":"BreadcrumbList","@id":"https:\/\/askerogluhealthgroup.com\/venus-legacy\/#breadcrumb","itemListElement":[{"@type":"ListItem","position":1,"name":"Anasayfa","item":"https:\/\/askerogluhealthgroup.com\/it\/"},{"@type":"ListItem","position":2,"name":"Venus Legacy : Rinnovamento del corpo"}]},{"@type":"WebSite","@id":"https:\/\/askerogluhealthgroup.com\/#website","url":"https:\/\/askerogluhealthgroup.com\/","name":"Askeroglu Health Group","description":"","publisher":{"@id":"https:\/\/askerogluhealthgroup.com\/#organization"},"potentialAction":[{"@type":"SearchAction","target":{"@type":"EntryPoint","urlTemplate":"https:\/\/askerogluhealthgroup.com\/?s={search_term_string}"},"query-input":{"@type":"PropertyValueSpecification","valueRequired":true,"valueName":"search_term_string"}}],"inLanguage":"it-IT"},{"@type":"Organization","@id":"https:\/\/askerogluhealthgroup.com\/#organization","name":"Askeroglu Health Group","url":"https:\/\/askerogluhealthgroup.com\/","logo":{"@type":"ImageObject","inLanguage":"it-IT","@id":"https:\/\/askerogluhealthgroup.com\/#\/schema\/logo\/image\/","url":"https:\/\/bsyazilimworks.top\/wp-content\/uploads\/2024\/05\/logo-son3.png","contentUrl":"https:\/\/bsyazilimworks.top\/wp-content\/uploads\/2024\/05\/logo-son3.png","width":700,"height":153,"caption":"Askeroglu Health Group"},"image":{"@id":"https:\/\/askerogluhealthgroup.com\/#\/schema\/logo\/image\/"}}]}},"_links":{"self":[{"href":"https:\/\/askerogluhealthgroup.com\/it\/wp-json\/wp\/v2\/pages\/1211","targetHints":{"allow":["GET"]}}],"collection":[{"href":"https:\/\/askerogluhealthgroup.com\/it\/wp-json\/wp\/v2\/pages"}],"about":[{"href":"https:\/\/askerogluhealthgroup.com\/it\/wp-json\/wp\/v2\/types\/page"}],"author":[{"embeddable":true,"href":"https:\/\/askerogluhealthgroup.com\/it\/wp-json\/wp\/v2\/users\/1"}],"replies":[{"embeddable":true,"href":"https:\/\/askerogluhealthgroup.com\/it\/wp-json\/wp\/v2\/comments?post=1211"}],"version-history":[{"count":2,"href":"https:\/\/askerogluhealthgroup.com\/it\/wp-json\/wp\/v2\/pages\/1211\/revisions"}],"predecessor-version":[{"id":1213,"href":"https:\/\/askerogluhealthgroup.com\/it\/wp-json\/wp\/v2\/pages\/1211\/revisions\/1213"}],"wp:featuredmedia":[{"embeddable":true,"href":"https:\/\/askerogluhealthgroup.com\/it\/wp-json\/wp\/v2\/media\/1536"}],"wp:attachment":[{"href":"https:\/\/askerogluhealthgroup.com\/it\/wp-json\/wp\/v2\/media?parent=1211"}],"curies":[{"name":"wp","href":"https:\/\/api.w.org\/{rel}","templated":true}]}}