{"id":4266,"date":"2024-05-06T14:42:54","date_gmt":"2024-05-06T11:42:54","guid":{"rendered":"https:\/\/askerogluhealthgroup.com\/soprano-ice-laser\/"},"modified":"2024-08-12T14:33:14","modified_gmt":"2024-08-12T11:33:14","slug":"laser-de-gelo-soprano","status":"publish","type":"page","link":"https:\/\/askerogluhealthgroup.com\/pt-pt\/laser-de-gelo-soprano\/","title":{"rendered":"Laser de gelo soprano"},"content":{"rendered":"[vc_row type=&#8221;in_container&#8221; full_screen_row_position=&#8221;middle&#8221; column_margin=&#8221;default&#8221; column_direction=&#8221;default&#8221; column_direction_tablet=&#8221;default&#8221; column_direction_phone=&#8221;default&#8221; scene_position=&#8221;center&#8221; top_padding=&#8221;3%&#8221; text_color=&#8221;dark&#8221; text_align=&#8221;left&#8221; row_border_radius=&#8221;none&#8221; row_border_radius_applies=&#8221;bg&#8221; overflow=&#8221;visible&#8221; overlay_strength=&#8221;0.3&#8243; gradient_direction=&#8221;left_to_right&#8221; shape_divider_position=&#8221;bottom&#8221; bg_image_animation=&#8221;none&#8221; gradient_type=&#8221;default&#8221; shape_type=&#8221;&#8221;][vc_column column_padding=&#8221;no-extra-padding&#8221; column_padding_tablet=&#8221;inherit&#8221; column_padding_phone=&#8221;inherit&#8221; column_padding_position=&#8221;all&#8221; column_element_direction_desktop=&#8221;default&#8221; column_element_spacing=&#8221;default&#8221; desktop_text_alignment=&#8221;default&#8221; tablet_text_alignment=&#8221;default&#8221; phone_text_alignment=&#8221;default&#8221; background_color_opacity=&#8221;1&#8243; background_hover_color_opacity=&#8221;1&#8243; column_backdrop_filter=&#8221;none&#8221; column_shadow=&#8221;none&#8221; column_border_radius=&#8221;none&#8221; column_link_target=&#8221;_self&#8221; column_position=&#8221;default&#8221; gradient_direction=&#8221;left_to_right&#8221; overlay_strength=&#8221;0.3&#8243; width=&#8221;1\/2&#8243; tablet_width_inherit=&#8221;default&#8221; animation_type=&#8221;default&#8221; bg_image_animation=&#8221;none&#8221; border_type=&#8221;simple&#8221; column_border_width=&#8221;none&#8221; column_border_style=&#8221;solid&#8221;][image_with_animation image_url=&#8221;420&#8243; image_size=&#8221;full&#8221; animation_type=&#8221;entrance&#8221; animation=&#8221;None&#8221; animation_movement_type=&#8221;transform_y&#8221; hover_animation=&#8221;none&#8221; alignment=&#8221;&#8221; border_radius=&#8221;none&#8221; box_shadow=&#8221;none&#8221; image_loading=&#8221;default&#8221; max_width=&#8221;100%&#8221; max_width_mobile=&#8221;default&#8221;][\/vc_column][vc_column column_padding=&#8221;padding-3-percent&#8221; column_padding_tablet=&#8221;inherit&#8221; column_padding_phone=&#8221;inherit&#8221; column_padding_position=&#8221;top&#8221; column_element_direction_desktop=&#8221;default&#8221; column_element_spacing=&#8221;default&#8221; desktop_text_alignment=&#8221;default&#8221; tablet_text_alignment=&#8221;default&#8221; phone_text_alignment=&#8221;default&#8221; background_color_opacity=&#8221;1&#8243; background_hover_color_opacity=&#8221;1&#8243; column_backdrop_filter=&#8221;none&#8221; column_shadow=&#8221;none&#8221; column_border_radius=&#8221;none&#8221; column_link_target=&#8221;_self&#8221; column_position=&#8221;default&#8221; gradient_direction=&#8221;left_to_right&#8221; overlay_strength=&#8221;0.3&#8243; width=&#8221;1\/2&#8243; tablet_width_inherit=&#8221;default&#8221; animation_type=&#8221;default&#8221; bg_image_animation=&#8221;none&#8221; border_type=&#8221;simple&#8221; column_border_width=&#8221;none&#8221; column_border_style=&#8221;solid&#8221; column_padding_type=&#8221;default&#8221; gradient_type=&#8221;default&#8221;][vc_column_text css=&#8221;&#8221; text_direction=&#8221;default&#8221;]\n<h1>Laser Soprano Ice<\/h1>\n<p class=\"ld-fh-element lqd-highlight-underline lqd-highlight-grow-left text-decoration-default\">O Laser Soprano Ice \u00e9 uma tecnologia de ponta que proporciona um tratamento de remo\u00e7\u00e3o de pelos eficaz e sem dor. Esta tecnologia n\u00e3o invasiva e inovadora utiliza um laser de diodo para atingir os fol\u00edculos capilares, eliminando o crescimento dos pelos sem danificar a pele ao redor. O Laser Soprano Ice \u00e9 seguro e adequado para todos os tipos de pele, incluindo peles sens\u00edveis.<\/p>\n<h2>Como Funciona o Laser Soprano Ice?<\/h2>\n<p>O Laser Soprano Ice funciona emitindo um feixe de luz suave, mas poderoso, que atinge os fol\u00edculos capilares abaixo da superf\u00edcie da pele. A energia do laser aquece o fol\u00edculo capilar, prejudicando sua capacidade de produzir novos pelos sem prejudicar a pele ao redor. O tratamento \u00e9 realizado com um dispositivo manual que desliza sobre a pele, entregando a energia do laser \u00e0s \u00e1reas alvo.<\/p>\n<p>Diferente dos tratamentos tradicionais de remo\u00e7\u00e3o de pelos a laser, o Soprano Ice Laser utiliza uma tecnologia de movimento cont\u00ednuo que permite uma experi\u00eancia de tratamento sem dor e confort\u00e1vel. O tratamento \u00e9 praticamente indolor, e a maioria dos pacientes relata sentir apenas uma leve sensa\u00e7\u00e3o de calor ou aquecimento.<br \/>\n[\/vc_column_text][\/vc_column][\/vc_row][vc_row type=&#8221;in_container&#8221; full_screen_row_position=&#8221;middle&#8221; column_margin=&#8221;default&#8221; column_direction=&#8221;default&#8221; column_direction_tablet=&#8221;default&#8221; column_direction_phone=&#8221;default&#8221; scene_position=&#8221;center&#8221; top_padding=&#8221;3%&#8221; text_color=&#8221;dark&#8221; text_align=&#8221;left&#8221; row_border_radius=&#8221;none&#8221; row_border_radius_applies=&#8221;bg&#8221; overflow=&#8221;visible&#8221; overlay_strength=&#8221;0.3&#8243; gradient_direction=&#8221;left_to_right&#8221; shape_divider_position=&#8221;bottom&#8221; bg_image_animation=&#8221;none&#8221; gradient_type=&#8221;default&#8221; shape_type=&#8221;&#8221;][vc_column column_padding=&#8221;padding-5-percent&#8221; column_padding_tablet=&#8221;inherit&#8221; column_padding_phone=&#8221;inherit&#8221; column_padding_position=&#8221;all&#8221; column_element_direction_desktop=&#8221;default&#8221; column_element_spacing=&#8221;default&#8221; desktop_text_alignment=&#8221;default&#8221; tablet_text_alignment=&#8221;default&#8221; phone_text_alignment=&#8221;default&#8221; background_color_opacity=&#8221;1&#8243; background_hover_color_opacity=&#8221;1&#8243; column_backdrop_filter=&#8221;none&#8221; column_shadow=&#8221;none&#8221; column_border_radius=&#8221;none&#8221; column_link_target=&#8221;_self&#8221; column_position=&#8221;default&#8221; gradient_direction=&#8221;left_to_right&#8221; overlay_strength=&#8221;0.3&#8243; width=&#8221;1\/2&#8243; tablet_width_inherit=&#8221;default&#8221; animation_type=&#8221;default&#8221; bg_image_animation=&#8221;none&#8221; border_type=&#8221;simple&#8221; column_border_width=&#8221;none&#8221; column_border_style=&#8221;solid&#8221; column_padding_type=&#8221;default&#8221; gradient_type=&#8221;default&#8221;][nectar_highlighted_text text_color=&#8221;#6b6b6b&#8221; scribble_color=&#8221;#deceb5&#8243; style=&#8221;scribble&#8221; scribble_shape=&#8221;squiggle-underline&#8221; scribble_thickness=&#8221;regular&#8221; scribble_speed=&#8221;1.8s&#8221; scribble_easing=&#8221;ease_in_out&#8221; text_direction=&#8221;default&#8221; custom_font_size=&#8221;3vw&#8221;]\n<h2>Contact <em>Us<\/em><\/h2>\n[\/nectar_highlighted_text][\/vc_column][vc_column column_padding=&#8221;no-extra-padding&#8221; column_padding_tablet=&#8221;inherit&#8221; column_padding_phone=&#8221;inherit&#8221; column_padding_position=&#8221;all&#8221; column_element_direction_desktop=&#8221;default&#8221; column_element_spacing=&#8221;default&#8221; desktop_text_alignment=&#8221;default&#8221; tablet_text_alignment=&#8221;default&#8221; phone_text_alignment=&#8221;default&#8221; background_color_opacity=&#8221;1&#8243; background_hover_color_opacity=&#8221;1&#8243; column_backdrop_filter=&#8221;none&#8221; column_shadow=&#8221;none&#8221; column_border_radius=&#8221;none&#8221; column_link_target=&#8221;_self&#8221; column_position=&#8221;default&#8221; gradient_direction=&#8221;left_to_right&#8221; overlay_strength=&#8221;0.3&#8243; width=&#8221;1\/2&#8243; tablet_width_inherit=&#8221;default&#8221; animation_type=&#8221;default&#8221; bg_image_animation=&#8221;none&#8221; border_type=&#8221;simple&#8221; column_border_width=&#8221;none&#8221; column_border_style=&#8221;solid&#8221;]\n<div class=\"wpcf7 no-js\" id=\"wpcf7-f17-o1\" lang=\"tr-TR\" dir=\"ltr\" data-wpcf7-id=\"17\">\n<div class=\"screen-reader-response\"><p role=\"status\" aria-live=\"polite\" aria-atomic=\"true\"><\/p> <ul><\/ul><\/div>\n<form action=\"\/pt-pt\/wp-json\/wp\/v2\/pages\/4266#wpcf7-f17-o1\" method=\"post\" class=\"wpcf7-form init\" aria-label=\"\u0130leti\u015fim Formu\" novalidate=\"novalidate\" data-status=\"init\">\n<fieldset class=\"hidden-fields-container\"><input type=\"hidden\" name=\"_wpcf7\" value=\"17\" \/><input type=\"hidden\" name=\"_wpcf7_version\" value=\"6.1.5\" \/><input type=\"hidden\" name=\"_wpcf7_locale\" value=\"tr_TR\" \/><input type=\"hidden\" name=\"_wpcf7_unit_tag\" value=\"wpcf7-f17-o1\" \/><input type=\"hidden\" name=\"_wpcf7_container_post\" value=\"0\" \/><input type=\"hidden\" name=\"_wpcf7_posted_data_hash\" value=\"\" \/><input type=\"hidden\" name=\"_wpcf7_recaptcha_response\" value=\"\" \/>\n<\/fieldset>\n<div style=\"display:inline-flex; flex-wrap:wrap; gap:16px; color:#b1acaa;\">\n\t<div style=\"display:flex; gap:16px;\">\n\t\t<div style=\"width: 100%; \">\n\t\t\t<p><span class=\"wpcf7-form-control-wrap\" data-name=\"ad\"><input size=\"40\" maxlength=\"400\" class=\"wpcf7-form-control wpcf7-text wpcf7-validates-as-required\" autocomplete=\"name\" aria-required=\"true\" aria-invalid=\"false\" placeholder=\"Name\" value=\"\" type=\"text\" name=\"ad\" \/><\/span>\n\t\t\t<\/p>\n\t\t<\/div>\n\t\t<div style=\"width: 100%;\">\n\t\t\t<p><span class=\"wpcf7-form-control-wrap\" data-name=\"mail\"><input size=\"40\" maxlength=\"400\" class=\"wpcf7-form-control wpcf7-email wpcf7-validates-as-required wpcf7-text wpcf7-validates-as-email\" autocomplete=\"email\" aria-required=\"true\" aria-invalid=\"false\" placeholder=\"E-Mail\" value=\"\" type=\"email\" name=\"mail\" \/><\/span>\n\t\t\t<\/p>\n\t\t<\/div>\n\t<\/div>\n\t<div style=\"width: 100%;\">\n\t\t<p><span class=\"wpcf7-form-control-wrap tel-540\"><input type=\"hidden\" value=\"false\" class=\"check_validate\" name=\"tel-540_check\" \/><input class=\"wpcf7-form-control wpcf7-tel wpcf7-validates-as-required wpcf7-validates-as-tel\" aria-required=\"true\" aria-invalid=\"false\" placeholder=\"Phone Number\" value=\"\" type=\"tel\" name=\"tel-540_hide\" data-name=\"tel-540\"  data-pre=\"\" data-excludeCountries=\"\" data-onlyct=\"\" data-defcountry=\"tr\" data-auto=\"1\" data-validation=\"1\" \/><\/span>\n\t\t<\/p>\n\t<\/div>\n\t<div style=\"width: 100%;\">\n\t\t<p><span class=\"wpcf7-form-control-wrap\" data-name=\"menu-51\"><select class=\"wpcf7-form-control wpcf7-select wpcf7-validates-as-required\" aria-required=\"true\" aria-invalid=\"false\" name=\"menu-51\"><option value=\"\">What treatment are you interested in?<\/option><option value=\"Facial Aesthetics\">Facial Aesthetics<\/option><option value=\"Body Aesthetics\">Body Aesthetics<\/option><option value=\"Hair Transplantation\">Hair Transplantation<\/option><option value=\"Dental Treatment\">Dental Treatment<\/option><option value=\"Medical Aesthetics\">Medical Aesthetics<\/option><\/select><\/span>\n\t\t<\/p>\n\t<\/div>\n<span class=\"wpcf7-form-control-wrap recaptcha\" data-name=\"recaptcha\"><span data-sitekey=\"6LeyfQ0rAAAAAAFNNpHenVDVqpLlcRsW7KwtR9Kr\" class=\"wpcf7-form-control wpcf7-recaptcha g-recaptcha\"><\/span>\r\n<noscript>\r\n\t<div class=\"grecaptcha-noscript\">\r\n\t\t<iframe loading=\"lazy\" src=\"https:\/\/www.google.com\/recaptcha\/api\/fallback?k=6LeyfQ0rAAAAAAFNNpHenVDVqpLlcRsW7KwtR9Kr\" frameborder=\"0\" scrolling=\"no\" width=\"310\" height=\"430\">\r\n\t\t<\/iframe>\r\n\t\t<textarea name=\"g-recaptcha-response\" rows=\"3\" cols=\"40\" placeholder=\"reCaptcha Response Here\">\r\n\t\t<\/textarea>\r\n\t<\/div>\r\n<\/noscript>\r\n<\/span>\n\t<p><input class=\"wpcf7-form-control wpcf7-submit has-spinner\" type=\"submit\" value=\"Send\" \/>\n\t<\/p>\n<\/div><div class=\"wpcf7-response-output\" aria-hidden=\"true\"><\/div>\n<\/form>\n<\/div>\n[\/vc_column][\/vc_row][vc_row type=&#8221;in_container&#8221; full_screen_row_position=&#8221;middle&#8221; column_margin=&#8221;default&#8221; column_direction=&#8221;default&#8221; column_direction_tablet=&#8221;default&#8221; column_direction_phone=&#8221;default&#8221; scene_position=&#8221;center&#8221; text_color=&#8221;dark&#8221; text_align=&#8221;left&#8221; row_border_radius=&#8221;none&#8221; row_border_radius_applies=&#8221;bg&#8221; overflow=&#8221;visible&#8221; overlay_strength=&#8221;0.3&#8243; gradient_direction=&#8221;left_to_right&#8221; shape_divider_position=&#8221;bottom&#8221; bg_image_animation=&#8221;none&#8221;][vc_column column_padding=&#8221;no-extra-padding&#8221; column_padding_tablet=&#8221;inherit&#8221; column_padding_phone=&#8221;inherit&#8221; column_padding_position=&#8221;all&#8221; column_element_direction_desktop=&#8221;default&#8221; column_element_spacing=&#8221;default&#8221; desktop_text_alignment=&#8221;default&#8221; tablet_text_alignment=&#8221;default&#8221; phone_text_alignment=&#8221;default&#8221; background_color_opacity=&#8221;1&#8243; background_hover_color_opacity=&#8221;1&#8243; column_backdrop_filter=&#8221;none&#8221; column_shadow=&#8221;none&#8221; column_border_radius=&#8221;none&#8221; column_link_target=&#8221;_self&#8221; column_position=&#8221;default&#8221; gradient_direction=&#8221;left_to_right&#8221; overlay_strength=&#8221;0.3&#8243; width=&#8221;1\/1&#8243; tablet_width_inherit=&#8221;default&#8221; animation_type=&#8221;default&#8221; bg_image_animation=&#8221;none&#8221; border_type=&#8221;simple&#8221; column_border_width=&#8221;none&#8221; column_border_style=&#8221;solid&#8221;][vc_column_text css=&#8221;&#8221; text_direction=&#8221;default&#8221;]\n<h3>Quais s\u00e3o os benef\u00edcios do Laser Soprano Ice?<\/h3>\n<p>O Laser Soprano Ice oferece numerosos benef\u00edcios para os pacientes, incluindo:<\/p>\n<p>Redu\u00e7\u00e3o Permanente dos Pelos: O tratamento reduz efetivamente o crescimento dos pelos nas \u00e1reas tratadas, proporcionando resultados duradouros.<\/p>\n<p>Seguro e Suave: O Soprano Ice Laser \u00e9 seguro e suave, tornando-o adequado para todos os tipos de pele, incluindo peles sens\u00edveis.<\/p>\n<p>Sem Dor: O tratamento \u00e9 praticamente indolor, e os pacientes podem retomar suas atividades di\u00e1rias imediatamente ap\u00f3s o procedimento.<\/p>\n<p>R\u00e1pido e Conveniente: O Soprano Ice Laser \u00e9 um tratamento r\u00e1pido e conveniente, com a maioria das sess\u00f5es durando entre 15 e 60 minutos, dependendo do tamanho da \u00e1rea tratada.<\/p>\n<p>Personaliz\u00e1vel: O tratamento \u00e9 personaliz\u00e1vel, permitindo que o dermatologista ajuste as configura\u00e7\u00f5es do laser para o tipo de pele e cor dos pelos do paciente.<\/p>\n<p>Eficaz em Todas as \u00c1reas do Corpo: O Soprano Ice Laser pode ser usado em todas as \u00e1reas do corpo, incluindo o rosto, pernas, bra\u00e7os, axilas, \u00e1rea do biqu\u00edni e costas.<\/p>\n<h3>Quem \u00e9 um bom candidato para o Laser Soprano Ice?<\/h3>\n<p>O Laser Soprano Ice \u00e9 adequado para qualquer pessoa que deseja alcan\u00e7ar uma redu\u00e7\u00e3o duradoura dos pelos nas \u00e1reas tratadas. O tratamento \u00e9 seguro e eficaz para todos os tipos de pele, e pacientes com pelos claros ou escuros podem se beneficiar do tratamento. No entanto, \u00e9 essencial consultar um dermatologista para determinar se o Soprano Ice Laser \u00e9 a melhor op\u00e7\u00e3o para o seu tipo de pele e cor dos pelos.<br \/>\n[\/vc_column_text][\/vc_column][\/vc_row]\n","protected":false},"excerpt":{"rendered":"<p>[vc_row type=&#8221;in_container&#8221; full_screen_row_position=&#8221;middle&#8221; column_margin=&#8221;default&#8221; column_direction=&#8221;default&#8221; column_direction_tablet=&#8221;default&#8221; column_direction_phone=&#8221;default&#8221; scene_position=&#8221;center&#8221; top_padding=&#8221;3%&#8221; text_color=&#8221;dark&#8221; text_align=&#8221;left&#8221; row_border_radius=&#8221;none&#8221; row_border_radius_applies=&#8221;bg&#8221; overflow=&#8221;visible&#8221; overlay_strength=&#8221;0.3&#8243; gradient_direction=&#8221;left_to_right&#8221; shape_divider_position=&#8221;bottom&#8221; bg_image_animation=&#8221;none&#8221; gradient_type=&#8221;default&#8221; shape_type=&#8221;&#8221;][vc_column column_padding=&#8221;no-extra-padding&#8221; column_padding_tablet=&#8221;inherit&#8221; column_padding_phone=&#8221;inherit&#8221; column_padding_position=&#8221;all&#8221; column_element_direction_desktop=&#8221;default&#8221; column_element_spacing=&#8221;default&#8221; desktop_text_alignment=&#8221;default&#8221; tablet_text_alignment=&#8221;default&#8221; phone_text_alignment=&#8221;default&#8221; background_color_opacity=&#8221;1&#8243;&#8230;<\/p>\n","protected":false},"author":1,"featured_media":0,"parent":0,"menu_order":0,"comment_status":"closed","ping_status":"closed","template":"","meta":{"_joinchat":[],"footnotes":""},"class_list":["post-4266","page","type-page","status-publish"],"yoast_head":"<!-- This site is optimized with the Yoast SEO plugin v27.4 - https:\/\/yoast.com\/product\/yoast-seo-wordpress\/ -->\n<title>Laser de gelo soprano - Askeroglu Health Group<\/title>\n<meta name=\"description\" content=\"Botolunium Toxin Applications Today, skin care applications are among the most frequently applied care methods. Laser de gelo soprano\" \/>\n<meta name=\"robots\" content=\"index, follow, max-snippet:-1, max-image-preview:large, max-video-preview:-1\" \/>\n<link rel=\"canonical\" href=\"https:\/\/askerogluhealthgroup.com\/pt-pt\/laser-de-gelo-soprano\/\" \/>\n<meta property=\"og:locale\" content=\"pt_PT\" \/>\n<meta property=\"og:type\" content=\"article\" \/>\n<meta property=\"og:title\" content=\"Laser de gelo soprano - Askeroglu Health Group\" \/>\n<meta property=\"og:description\" content=\"Botolunium Toxin Applications Today, skin care applications are among the most frequently applied care methods. Laser de gelo soprano\" \/>\n<meta property=\"og:url\" content=\"https:\/\/askerogluhealthgroup.com\/pt-pt\/laser-de-gelo-soprano\/\" \/>\n<meta property=\"og:site_name\" content=\"Askeroglu Health Group\" \/>\n<meta property=\"article:modified_time\" content=\"2024-08-12T11:33:14+00:00\" \/>\n<meta name=\"twitter:card\" content=\"summary_large_image\" \/>\n<meta name=\"twitter:label1\" content=\"Tempo estimado de leitura\" \/>\n\t<meta name=\"twitter:data1\" content=\"4 minutos\" \/>\n<script type=\"application\/ld+json\" class=\"yoast-schema-graph\">{\"@context\":\"https:\\\/\\\/schema.org\",\"@graph\":[{\"@type\":\"WebPage\",\"@id\":\"https:\\\/\\\/askerogluhealthgroup.com\\\/pt-pt\\\/laser-de-gelo-soprano\\\/\",\"url\":\"https:\\\/\\\/askerogluhealthgroup.com\\\/pt-pt\\\/laser-de-gelo-soprano\\\/\",\"name\":\"Laser de gelo soprano - Askeroglu Health Group\",\"isPartOf\":{\"@id\":\"https:\\\/\\\/askerogluhealthgroup.com\\\/#website\"},\"datePublished\":\"2024-05-06T11:42:54+00:00\",\"dateModified\":\"2024-08-12T11:33:14+00:00\",\"description\":\"Botolunium Toxin Applications Today, skin care applications are among the most frequently applied care methods. Laser de gelo soprano\",\"breadcrumb\":{\"@id\":\"https:\\\/\\\/askerogluhealthgroup.com\\\/pt-pt\\\/laser-de-gelo-soprano\\\/#breadcrumb\"},\"inLanguage\":\"pt-PT\",\"potentialAction\":[{\"@type\":\"ReadAction\",\"target\":[\"https:\\\/\\\/askerogluhealthgroup.com\\\/pt-pt\\\/laser-de-gelo-soprano\\\/\"]}]},{\"@type\":\"BreadcrumbList\",\"@id\":\"https:\\\/\\\/askerogluhealthgroup.com\\\/pt-pt\\\/laser-de-gelo-soprano\\\/#breadcrumb\",\"itemListElement\":[{\"@type\":\"ListItem\",\"position\":1,\"name\":\"Anasayfa\",\"item\":\"https:\\\/\\\/askerogluhealthgroup.com\\\/pt-pt\\\/\"},{\"@type\":\"ListItem\",\"position\":2,\"name\":\"Laser de gelo soprano\"}]},{\"@type\":\"WebSite\",\"@id\":\"https:\\\/\\\/askerogluhealthgroup.com\\\/#website\",\"url\":\"https:\\\/\\\/askerogluhealthgroup.com\\\/\",\"name\":\"Askeroglu Health Group\",\"description\":\"\",\"publisher\":{\"@id\":\"https:\\\/\\\/askerogluhealthgroup.com\\\/#organization\"},\"potentialAction\":[{\"@type\":\"SearchAction\",\"target\":{\"@type\":\"EntryPoint\",\"urlTemplate\":\"https:\\\/\\\/askerogluhealthgroup.com\\\/?s={search_term_string}\"},\"query-input\":{\"@type\":\"PropertyValueSpecification\",\"valueRequired\":true,\"valueName\":\"search_term_string\"}}],\"inLanguage\":\"pt-PT\"},{\"@type\":\"Organization\",\"@id\":\"https:\\\/\\\/askerogluhealthgroup.com\\\/#organization\",\"name\":\"Askeroglu Health Group\",\"url\":\"https:\\\/\\\/askerogluhealthgroup.com\\\/\",\"logo\":{\"@type\":\"ImageObject\",\"inLanguage\":\"pt-PT\",\"@id\":\"https:\\\/\\\/askerogluhealthgroup.com\\\/#\\\/schema\\\/logo\\\/image\\\/\",\"url\":\"https:\\\/\\\/bsyazilimworks.top\\\/wp-content\\\/uploads\\\/2024\\\/05\\\/logo-son3.png\",\"contentUrl\":\"https:\\\/\\\/bsyazilimworks.top\\\/wp-content\\\/uploads\\\/2024\\\/05\\\/logo-son3.png\",\"width\":700,\"height\":153,\"caption\":\"Askeroglu Health Group\"},\"image\":{\"@id\":\"https:\\\/\\\/askerogluhealthgroup.com\\\/#\\\/schema\\\/logo\\\/image\\\/\"}}]}<\/script>\n<!-- \/ Yoast SEO plugin. -->","yoast_head_json":{"title":"Laser de gelo soprano - Askeroglu Health Group","description":"Botolunium Toxin Applications Today, skin care applications are among the most frequently applied care methods. Laser de gelo soprano","robots":{"index":"index","follow":"follow","max-snippet":"max-snippet:-1","max-image-preview":"max-image-preview:large","max-video-preview":"max-video-preview:-1"},"canonical":"https:\/\/askerogluhealthgroup.com\/pt-pt\/laser-de-gelo-soprano\/","og_locale":"pt_PT","og_type":"article","og_title":"Laser de gelo soprano - Askeroglu Health Group","og_description":"Botolunium Toxin Applications Today, skin care applications are among the most frequently applied care methods. Laser de gelo soprano","og_url":"https:\/\/askerogluhealthgroup.com\/pt-pt\/laser-de-gelo-soprano\/","og_site_name":"Askeroglu Health Group","article_modified_time":"2024-08-12T11:33:14+00:00","twitter_card":"summary_large_image","twitter_misc":{"Tempo estimado de leitura":"4 minutos"},"schema":{"@context":"https:\/\/schema.org","@graph":[{"@type":"WebPage","@id":"https:\/\/askerogluhealthgroup.com\/pt-pt\/laser-de-gelo-soprano\/","url":"https:\/\/askerogluhealthgroup.com\/pt-pt\/laser-de-gelo-soprano\/","name":"Laser de gelo soprano - Askeroglu Health Group","isPartOf":{"@id":"https:\/\/askerogluhealthgroup.com\/#website"},"datePublished":"2024-05-06T11:42:54+00:00","dateModified":"2024-08-12T11:33:14+00:00","description":"Botolunium Toxin Applications Today, skin care applications are among the most frequently applied care methods. Laser de gelo soprano","breadcrumb":{"@id":"https:\/\/askerogluhealthgroup.com\/pt-pt\/laser-de-gelo-soprano\/#breadcrumb"},"inLanguage":"pt-PT","potentialAction":[{"@type":"ReadAction","target":["https:\/\/askerogluhealthgroup.com\/pt-pt\/laser-de-gelo-soprano\/"]}]},{"@type":"BreadcrumbList","@id":"https:\/\/askerogluhealthgroup.com\/pt-pt\/laser-de-gelo-soprano\/#breadcrumb","itemListElement":[{"@type":"ListItem","position":1,"name":"Anasayfa","item":"https:\/\/askerogluhealthgroup.com\/pt-pt\/"},{"@type":"ListItem","position":2,"name":"Laser de gelo soprano"}]},{"@type":"WebSite","@id":"https:\/\/askerogluhealthgroup.com\/#website","url":"https:\/\/askerogluhealthgroup.com\/","name":"Askeroglu Health Group","description":"","publisher":{"@id":"https:\/\/askerogluhealthgroup.com\/#organization"},"potentialAction":[{"@type":"SearchAction","target":{"@type":"EntryPoint","urlTemplate":"https:\/\/askerogluhealthgroup.com\/?s={search_term_string}"},"query-input":{"@type":"PropertyValueSpecification","valueRequired":true,"valueName":"search_term_string"}}],"inLanguage":"pt-PT"},{"@type":"Organization","@id":"https:\/\/askerogluhealthgroup.com\/#organization","name":"Askeroglu Health Group","url":"https:\/\/askerogluhealthgroup.com\/","logo":{"@type":"ImageObject","inLanguage":"pt-PT","@id":"https:\/\/askerogluhealthgroup.com\/#\/schema\/logo\/image\/","url":"https:\/\/bsyazilimworks.top\/wp-content\/uploads\/2024\/05\/logo-son3.png","contentUrl":"https:\/\/bsyazilimworks.top\/wp-content\/uploads\/2024\/05\/logo-son3.png","width":700,"height":153,"caption":"Askeroglu Health Group"},"image":{"@id":"https:\/\/askerogluhealthgroup.com\/#\/schema\/logo\/image\/"}}]}},"_links":{"self":[{"href":"https:\/\/askerogluhealthgroup.com\/pt-pt\/wp-json\/wp\/v2\/pages\/4266","targetHints":{"allow":["GET"]}}],"collection":[{"href":"https:\/\/askerogluhealthgroup.com\/pt-pt\/wp-json\/wp\/v2\/pages"}],"about":[{"href":"https:\/\/askerogluhealthgroup.com\/pt-pt\/wp-json\/wp\/v2\/types\/page"}],"author":[{"embeddable":true,"href":"https:\/\/askerogluhealthgroup.com\/pt-pt\/wp-json\/wp\/v2\/users\/1"}],"replies":[{"embeddable":true,"href":"https:\/\/askerogluhealthgroup.com\/pt-pt\/wp-json\/wp\/v2\/comments?post=4266"}],"version-history":[{"count":1,"href":"https:\/\/askerogluhealthgroup.com\/pt-pt\/wp-json\/wp\/v2\/pages\/4266\/revisions"}],"predecessor-version":[{"id":4268,"href":"https:\/\/askerogluhealthgroup.com\/pt-pt\/wp-json\/wp\/v2\/pages\/4266\/revisions\/4268"}],"wp:attachment":[{"href":"https:\/\/askerogluhealthgroup.com\/pt-pt\/wp-json\/wp\/v2\/media?parent=4266"}],"curies":[{"name":"wp","href":"https:\/\/api.w.org\/{rel}","templated":true}]}}